{"id":9668,"date":"2025-09-29T16:26:00","date_gmt":"2025-09-29T13:26:00","guid":{"rendered":"https:\/\/www.odyozone.com\/TR\/?page_id=9668"},"modified":"2025-09-29T16:27:16","modified_gmt":"2025-09-29T13:27:16","slug":"phonak-naida-lumity","status":"publish","type":"page","link":"https:\/\/www.odyozone.com\/TR\/isitme-cihazlari\/phonak\/phonak-naida-lumity\/","title":{"rendered":"Phonak Naida Lumity"},"content":{"rendered":"\t\t<div data-elementor-type=\"wp-page\" data-elementor-id=\"9668\" class=\"elementor elementor-9668\">\n\t\t\t\t\t\t\t        <section class=\"elementor-section elementor-top-section elementor-element elementor-element-f5cd8f9 elementor-section-boxed elementor-section-height-default elementor-section-height-default ct-header-fixed-none ct-column-none ct-row-scroll-none ct-row-gradient--none\" data-id=\"f5cd8f9\" data-element_type=\"section\">\n            \n                        <div class=\"elementor-container elementor-column-gap-default \">\n                    <div class=\"elementor-column elementor-col-50 elementor-top-column elementor-element elementor-element-c34dc0d ct-column-none col-offset-none col-color-offset-none\" data-id=\"c34dc0d\" data-element_type=\"column\">\n            <div class=\"elementor-widget-wrap elementor-element-populated\">\n                        \t\t<div class=\"elementor-element elementor-element-1532a85 elementor-widget elementor-widget-text-editor\" data-id=\"1532a85\" data-element_type=\"widget\" data-widget_type=\"text-editor.default\">\n\t\t\t\t<div class=\"elementor-widget-container\">\n\t\t\t<style>\/*! elementor - v3.13.3 - 28-05-2023 *\/\n.elementor-widget-text-editor.elementor-drop-cap-view-stacked .elementor-drop-cap{background-color:#69727d;color:#fff}.elementor-widget-text-editor.elementor-drop-cap-view-framed .elementor-drop-cap{color:#69727d;border:3px solid;background-color:transparent}.elementor-widget-text-editor:not(.elementor-drop-cap-view-default) .elementor-drop-cap{margin-top:8px}.elementor-widget-text-editor:not(.elementor-drop-cap-view-default) .elementor-drop-cap-letter{width:1em;height:1em}.elementor-widget-text-editor .elementor-drop-cap{float:left;text-align:center;line-height:1;font-size:50px}.elementor-widget-text-editor .elementor-drop-cap-letter{display:inline-block}<\/style>\t\t\t\t<div class=\"column rich-text-block standard\"><section><div class=\"small-12 column\"><h1 class=\"cmp-hero__title wow  animate__fadeInUp animate__animated\" data-wow-duration=\"2s\">Phonak Na\u00edda<sup class=\"sva-utils-symbols--tm\">\u2122<\/sup>\u00a0Lumity<\/h1><ul class=\"cmp-hero__label-list wow  animate__fadeIn animate__animated\" data-wow-duration=\"3s\" data-wow-delay=\"0.5s\"><li class=\"cmp-hero__label-item\">Kulak Arkas\u0131<\/li>\u00a0<li class=\"cmp-hero__label-item\">Evrensel ba\u011flant\u0131<\/li>\u00a0<li class=\"cmp-hero__label-item\">G\u00fc\u00e7l\u00fc i\u015fitme \u00e7\u00f6z\u00fcm\u00fc<\/li><\/ul><p class=\"cmp-hero__description wow  animate__fadeInUp animate__animated\" data-wow-duration=\"2s\">Phonak Na\u00edda Lumity en g\u00fc\u00e7l\u00fc i\u015fitme cihaz\u0131m\u0131zd\u0131r, sa\u011flam ve g\u00fcvenilirdir, t\u00fcm f\u0131rsatlar\u0131 kucaklaman\u0131za ve sohbetleri g\u00fcvenle y\u00f6nlendirmenize olanak sa\u011flar.<\/p><div class=\"cmp-hero__rte wow  animate__fadeInUp animate__animated\" data-wow-duration=\"2s\"><ul><li>SmartSpeech\u00a0Teknolojisi ile konu\u015fmay\u0131 anlamada \u00f6ncelik<\/li><li>Ak\u0131ll\u0131 telefonlar, TV&#8217;ler, tabletler ve diz\u00fcst\u00fc bilgisayarlar gibi Bluetooth\u00ae \u00f6zellikli cihazlar ile evrensel ba\u011flant\u0131 i\u00e7erir<\/li><li>myPhonak ile ki\u015fiselle\u015ftirilmi\u015f dinleme deneyimi, i\u015fitmenizin kontrol\u00fcn\u00fc ele alman\u0131z\u0131 sa\u011flar<\/li><\/ul><\/div><\/div><\/section><\/div>\t\t\t\t\t\t<\/div>\n\t\t\t\t<\/div>\n\t\t            <\/div>\n        <\/div>\n                <div class=\"elementor-column elementor-col-50 elementor-top-column elementor-element elementor-element-2270a2c ct-column-none col-offset-none col-color-offset-none\" data-id=\"2270a2c\" data-element_type=\"column\">\n            <div class=\"elementor-widget-wrap elementor-element-populated\">\n                        \t\t<div class=\"elementor-element elementor-element-12f0780 elementor-widget elementor-widget-image\" data-id=\"12f0780\" data-element_type=\"widget\" data-widget_type=\"image.default\">\n\t\t\t\t<div class=\"elementor-widget-container\">\n\t\t\t<style>\/*! elementor - v3.13.3 - 28-05-2023 *\/\n.elementor-widget-image{text-align:center}.elementor-widget-image a{display:inline-block}.elementor-widget-image a img[src$=\".svg\"]{width:48px}.elementor-widget-image img{vertical-align:middle;display:inline-block}<\/style>\t\t\t\t\t\t\t\t\t\t\t\t<img decoding=\"async\" width=\"640\" height=\"640\" src=\"https:\/\/www.odyozone.com\/TR\/wp-content\/uploads\/2025\/09\/ph-packshot-na-da-l-up-050-1074-p3.avif\" class=\"attachment-large size-large wp-image-9670\" alt=\"\" srcset=\"https:\/\/www.odyozone.com\/TR\/wp-content\/uploads\/2025\/09\/ph-packshot-na-da-l-up-050-1074-p3.avif 768w, https:\/\/www.odyozone.com\/TR\/wp-content\/uploads\/2025\/09\/ph-packshot-na-da-l-up-050-1074-p3-300x300.avif 300w, https:\/\/www.odyozone.com\/TR\/wp-content\/uploads\/2025\/09\/ph-packshot-na-da-l-up-050-1074-p3-150x150.avif 150w, https:\/\/www.odyozone.com\/TR\/wp-content\/uploads\/2025\/09\/ph-packshot-na-da-l-up-050-1074-p3-90x90.avif 90w\" sizes=\"(max-width: 640px) 100vw, 640px\" \/>\t\t\t\t\t\t\t\t\t\t\t\t\t\t\t<\/div>\n\t\t\t\t<\/div>\n\t\t            <\/div>\n        <\/div>\n                            <\/div>\n        <\/section>\n                <section class=\"elementor-section elementor-top-section elementor-element elementor-element-4f43d59 elementor-section-boxed elementor-section-height-default elementor-section-height-default ct-header-fixed-none ct-column-none ct-row-scroll-none ct-row-gradient--none\" data-id=\"4f43d59\" data-element_type=\"section\">\n            \n                        <div class=\"elementor-container elementor-column-gap-default \">\n                    <div class=\"elementor-column elementor-col-100 elementor-top-column elementor-element elementor-element-838e13a ct-column-none col-offset-none col-color-offset-none\" data-id=\"838e13a\" data-element_type=\"column\">\n            <div class=\"elementor-widget-wrap elementor-element-populated\">\n                        \t\t<div class=\"elementor-element elementor-element-b1cbb33 elementor-widget elementor-widget-text-editor\" data-id=\"b1cbb33\" data-element_type=\"widget\" data-widget_type=\"text-editor.default\">\n\t\t\t\t<div class=\"elementor-widget-container\">\n\t\t\t\t\t\t\t<section><div class=\"small-12 column\"><h2 class=\"cmp-editorial-feature__headline\">Sohbetlerin g\u00fcc\u00fcn\u00fc kucaklay\u0131n<\/h2><p class=\"cmp-editorial-feature__paragraph\">Sohbetlere kat\u0131l\u0131n ve g\u00fcvenle anlaml\u0131 ba\u011flant\u0131lar\u0131n tad\u0131n\u0131 \u00e7\u0131kar\u0131n. Na\u00edda, t\u00fcm f\u0131rsatlar\u0131 kucaklaman\u0131za ve g\u00fcndelik sorunlar\u0131n \u00fcstesinden gelmenize yard\u0131mc\u0131 olmak i\u00e7in burada.<\/p><div class=\"container responsivegrid\"><div><div id=\"container-56a7091b0a\" class=\"cmp-container\"><div class=\"title title--sohne\"><div><div id=\"title-9c38a52746\" class=\"cmp-title   \"><h4 class=\"cmp-title__text cmp-title--h4 \">Odak noktas\u0131 konu\u015fmay\u0131 anlamad\u0131r<\/h4><\/div><\/div><\/div><div class=\"text text--paragraph-3\"><div id=\"text-d4f656f094\" class=\"cmp-text\"><p>Phonak SmartSpeech Technology, bir\u00e7ok dinleme ortam\u0131nda daha iyi konu\u015fmay\u0131 anlama veya daha az dinleme eforu i\u00e7in AutoSense OS<sup class=\"sva-utils-symbols--tm\">\u2122<\/sup>\u00a05.0 taraf\u0131ndan orta ile ileri derecede i\u015fitme kayb\u0131 olan ki\u015filer i\u00e7in sorunsuz \u015fekilde uyarlanan \u00f6zelliklerin bir koleksiyonudur.\u00b9\u02d2\u00b2\u00a0<\/p><p>Geli\u015fmi\u015f \u00f6zellikler k\u00fcmesi, \u00f6n\u00fcn\u00fczde, yan\u0131n\u0131zda veya arkan\u0131zda bulunan konu\u015fmac\u0131ya daha iyi odaklanman\u0131z\u0131 sa\u011flar, bu \u015fekilde sohbetleri g\u00fcvenle y\u00f6nlendirebilirsiniz.<\/p><\/div><\/div><div class=\"title title--sohne\"><div><div id=\"title-2937dd239e\" class=\"cmp-title   \"><h4 class=\"cmp-title__text cmp-title--h4 \">Speech Enhancer<\/h4><\/div><\/div><\/div><div class=\"text text--paragraph-3\"><div id=\"text-faa67944c7\" class=\"cmp-text\"><p>Belirli bir mesafeden anlamay\u0131 iyile\u015ftirmek i\u00e7in sessiz ortamlarda al\u00e7ak sesli konu\u015fmalar\u0131 i\u015fitmenize yard\u0131mc\u0131 olur.<sup>2<\/sup><\/p><\/div><\/div><\/div><\/div><\/div><\/div><\/section>\t\t\t\t\t\t<\/div>\n\t\t\t\t<\/div>\n\t\t            <\/div>\n        <\/div>\n                            <\/div>\n        <\/section>\n                <section class=\"elementor-section elementor-top-section elementor-element elementor-element-e4dd744 elementor-section-boxed elementor-section-height-default elementor-section-height-default ct-header-fixed-none ct-column-none ct-row-scroll-none ct-row-gradient--none\" data-id=\"e4dd744\" data-element_type=\"section\">\n            \n                        <div class=\"elementor-container elementor-column-gap-default \">\n                    <div class=\"elementor-column elementor-col-50 elementor-top-column elementor-element elementor-element-53c93c0 ct-column-none col-offset-none col-color-offset-none\" data-id=\"53c93c0\" data-element_type=\"column\">\n            <div class=\"elementor-widget-wrap elementor-element-populated\">\n                        \t\t<div class=\"elementor-element elementor-element-59ce444 elementor-widget elementor-widget-image\" data-id=\"59ce444\" data-element_type=\"widget\" data-widget_type=\"image.default\">\n\t\t\t\t<div class=\"elementor-widget-container\">\n\t\t\t\t\t\t\t\t\t\t\t\t\t\t\t<img decoding=\"async\" width=\"640\" height=\"960\" src=\"https:\/\/www.odyozone.com\/TR\/wp-content\/uploads\/2025\/09\/ph-pic-naida-l-pr-naida-in-the-hand-of-man02-683x1024.avif\" class=\"attachment-large size-large wp-image-9671\" alt=\"\" srcset=\"https:\/\/www.odyozone.com\/TR\/wp-content\/uploads\/2025\/09\/ph-pic-naida-l-pr-naida-in-the-hand-of-man02-683x1024.avif 683w, https:\/\/www.odyozone.com\/TR\/wp-content\/uploads\/2025\/09\/ph-pic-naida-l-pr-naida-in-the-hand-of-man02-200x300.avif 200w, https:\/\/www.odyozone.com\/TR\/wp-content\/uploads\/2025\/09\/ph-pic-naida-l-pr-naida-in-the-hand-of-man02-768x1152.avif 768w, https:\/\/www.odyozone.com\/TR\/wp-content\/uploads\/2025\/09\/ph-pic-naida-l-pr-naida-in-the-hand-of-man02-1024x1536.avif 1024w, https:\/\/www.odyozone.com\/TR\/wp-content\/uploads\/2025\/09\/ph-pic-naida-l-pr-naida-in-the-hand-of-man02.avif 1280w\" sizes=\"(max-width: 640px) 100vw, 640px\" \/>\t\t\t\t\t\t\t\t\t\t\t\t\t\t\t<\/div>\n\t\t\t\t<\/div>\n\t\t            <\/div>\n        <\/div>\n                <div class=\"elementor-column elementor-col-50 elementor-top-column elementor-element elementor-element-dea9c75 ct-column-none col-offset-none col-color-offset-none\" data-id=\"dea9c75\" data-element_type=\"column\">\n            <div class=\"elementor-widget-wrap elementor-element-populated\">\n                        \t\t<div class=\"elementor-element elementor-element-c6a77da elementor-widget elementor-widget-text-editor\" data-id=\"c6a77da\" data-element_type=\"widget\" data-widget_type=\"text-editor.default\">\n\t\t\t\t<div class=\"elementor-widget-container\">\n\t\t\t\t\t\t\t<section><div class=\"small-12 column\"><h2 class=\"cmp-editorial-feature__headline\">Etraf\u0131n\u0131zdaki d\u00fcnya ile ba\u011flant\u0131 kurun<\/h2><p class=\"cmp-editorial-feature__paragraph\">Na\u00edda Lumity ile ba\u011flant\u0131larla dolu bir d\u00fcnyaya dahil olun. Evrensel ba\u011flant\u0131 ile Bluetooth\u00ae \u00f6zelli\u011fi olan \u00e7e\u015fitli cihazlara ba\u011flanabilirsiniz ve do\u011frudan i\u015fitme cihazlar\u0131n\u0131z \u00fczerinden \u015fark\u0131 ve podcast dinleyebilirsiniz.<\/p><div class=\"container responsivegrid\"><div><div id=\"container-1d8c788682\" class=\"cmp-container\"><div class=\"title\"><div><div id=\"title-d4ea8bf3e0\" class=\"cmp-title   \"><h3 class=\"cmp-title__text cmp-title--h3 \">Dinleme deneyiminizi ki\u015fiselle\u015ftirin<\/h3><\/div><\/div><\/div><div class=\"text text--paragraph-1\"><div id=\"text-e8d1b3b1e5\" class=\"cmp-text\"><p>Na\u00edda Lumity, myPhonak ve myPhonak Junior ile ba\u011flant\u0131 kurarak dinleme deneyiminizi ihtiya\u00e7lar\u0131n\u0131za uyacak \u015fekilde ki\u015fiselle\u015ftirmenizi sa\u011flar.<\/p><\/div><\/div><\/div><\/div><\/div><\/div><\/section>\t\t\t\t\t\t<\/div>\n\t\t\t\t<\/div>\n\t\t            <\/div>\n        <\/div>\n                            <\/div>\n        <\/section>\n        \t\t\t\t\t<\/div>\n\t\t","protected":false},"excerpt":{"rendered":"<p>Phonak Na\u00edda\u2122\u00a0Lumity Kulak Arkas\u0131 \u00a0 Evrensel ba\u011flant\u0131 \u00a0 G\u00fc\u00e7l\u00fc i\u015fitme \u00e7\u00f6z\u00fcm\u00fc Phonak Na\u00edda Lumity en g\u00fc\u00e7l\u00fc i\u015fitme cihaz\u0131m\u0131zd\u0131r, sa\u011flam ve g\u00fcvenilirdir, t\u00fcm f\u0131rsatlar\u0131 kucaklaman\u0131za ve sohbetleri g\u00fcvenle y\u00f6nlendirmenize olanak sa\u011flar. SmartSpeech\u00a0Teknolojisi ile konu\u015fmay\u0131 anlamada \u00f6ncelik Ak\u0131ll\u0131 telefonlar, TV&#8217;ler, tabletler ve diz\u00fcst\u00fc bilgisayarlar gibi Bluetooth\u00ae \u00f6zellikli cihazlar ile evrensel ba\u011flant\u0131 i\u00e7erir myPhonak ile ki\u015fiselle\u015ftirilmi\u015f dinleme deneyimi, [&hellip;]<\/p>\n","protected":false},"author":1,"featured_media":0,"parent":9145,"menu_order":0,"comment_status":"closed","ping_status":"closed","template":"","meta":{"footnotes":""},"class_list":["post-9668","page","type-page","status-publish","hentry"],"yoast_head":"<!-- This site is optimized with the Yoast SEO Premium plugin v20.7 (Yoast SEO v26.9) - https:\/\/yoast.com\/product\/yoast-seo-premium-wordpress\/ -->\n<title>Phonak Naida Lumity - Odyozone<\/title>\n<meta name=\"robots\" content=\"index, follow, max-snippet:-1, max-image-preview:large, max-video-preview:-1\" \/>\n<link rel=\"canonical\" href=\"https:\/\/www.odyozone.com\/TR\/isitme-cihazlari\/phonak\/phonak-naida-lumity\/\" \/>\n<meta property=\"og:locale\" content=\"tr_TR\" \/>\n<meta property=\"og:type\" content=\"article\" \/>\n<meta property=\"og:title\" content=\"Phonak Naida Lumity\" \/>\n<meta property=\"og:description\" content=\"Phonak Na\u00edda\u2122\u00a0Lumity Kulak Arkas\u0131 \u00a0 Evrensel ba\u011flant\u0131 \u00a0 G\u00fc\u00e7l\u00fc i\u015fitme \u00e7\u00f6z\u00fcm\u00fc Phonak Na\u00edda Lumity en g\u00fc\u00e7l\u00fc i\u015fitme cihaz\u0131m\u0131zd\u0131r, sa\u011flam ve g\u00fcvenilirdir, t\u00fcm f\u0131rsatlar\u0131 kucaklaman\u0131za ve sohbetleri g\u00fcvenle y\u00f6nlendirmenize olanak sa\u011flar. SmartSpeech\u00a0Teknolojisi ile konu\u015fmay\u0131 anlamada \u00f6ncelik Ak\u0131ll\u0131 telefonlar, TV&#8217;ler, tabletler ve diz\u00fcst\u00fc bilgisayarlar gibi Bluetooth\u00ae \u00f6zellikli cihazlar ile evrensel ba\u011flant\u0131 i\u00e7erir myPhonak ile ki\u015fiselle\u015ftirilmi\u015f dinleme deneyimi, [&hellip;]\" \/>\n<meta property=\"og:url\" content=\"https:\/\/www.odyozone.com\/TR\/isitme-cihazlari\/phonak\/phonak-naida-lumity\/\" \/>\n<meta property=\"og:site_name\" content=\"Odyozone\" \/>\n<meta property=\"article:modified_time\" content=\"2025-09-29T13:27:16+00:00\" \/>\n<meta property=\"og:image\" content=\"https:\/\/www.odyozone.com\/TR\/wp-content\/uploads\/2025\/09\/ph-packshot-na-da-l-up-050-1074-p3.avif\" \/>\n<meta name=\"twitter:card\" content=\"summary_large_image\" \/>\n<meta name=\"twitter:label1\" content=\"Tahmini okuma s\u00fcresi\" \/>\n\t<meta name=\"twitter:data1\" content=\"2 dakika\" \/>\n<script type=\"application\/ld+json\" class=\"yoast-schema-graph\">{\"@context\":\"https:\/\/schema.org\",\"@graph\":[{\"@type\":\"WebPage\",\"@id\":\"https:\/\/www.odyozone.com\/TR\/isitme-cihazlari\/phonak\/phonak-naida-lumity\/\",\"url\":\"https:\/\/www.odyozone.com\/TR\/isitme-cihazlari\/phonak\/phonak-naida-lumity\/\",\"name\":\"Phonak Naida Lumity - Odyozone\",\"isPartOf\":{\"@id\":\"https:\/\/www.odyozone.com\/TR\/#website\"},\"primaryImageOfPage\":{\"@id\":\"https:\/\/www.odyozone.com\/TR\/isitme-cihazlari\/phonak\/phonak-naida-lumity\/#primaryimage\"},\"image\":{\"@id\":\"https:\/\/www.odyozone.com\/TR\/isitme-cihazlari\/phonak\/phonak-naida-lumity\/#primaryimage\"},\"thumbnailUrl\":\"https:\/\/www.odyozone.com\/TR\/wp-content\/uploads\/2025\/09\/ph-packshot-na-da-l-up-050-1074-p3.avif\",\"datePublished\":\"2025-09-29T13:26:00+00:00\",\"dateModified\":\"2025-09-29T13:27:16+00:00\",\"breadcrumb\":{\"@id\":\"https:\/\/www.odyozone.com\/TR\/isitme-cihazlari\/phonak\/phonak-naida-lumity\/#breadcrumb\"},\"inLanguage\":\"tr\",\"potentialAction\":[{\"@type\":\"ReadAction\",\"target\":[\"https:\/\/www.odyozone.com\/TR\/isitme-cihazlari\/phonak\/phonak-naida-lumity\/\"]}]},{\"@type\":\"ImageObject\",\"inLanguage\":\"tr\",\"@id\":\"https:\/\/www.odyozone.com\/TR\/isitme-cihazlari\/phonak\/phonak-naida-lumity\/#primaryimage\",\"url\":\"https:\/\/www.odyozone.com\/TR\/wp-content\/uploads\/2025\/09\/ph-packshot-na-da-l-up-050-1074-p3.avif\",\"contentUrl\":\"https:\/\/www.odyozone.com\/TR\/wp-content\/uploads\/2025\/09\/ph-packshot-na-da-l-up-050-1074-p3.avif\",\"width\":768,\"height\":768},{\"@type\":\"BreadcrumbList\",\"@id\":\"https:\/\/www.odyozone.com\/TR\/isitme-cihazlari\/phonak\/phonak-naida-lumity\/#breadcrumb\",\"itemListElement\":[{\"@type\":\"ListItem\",\"position\":1,\"name\":\"Anasayfa\",\"item\":\"https:\/\/www.odyozone.com\/TR\/\"},{\"@type\":\"ListItem\",\"position\":2,\"name\":\"\u0130\u015fitme Cihazlar\u0131\",\"item\":\"https:\/\/www.odyozone.com\/TR\/isitme-cihazlari\/\"},{\"@type\":\"ListItem\",\"position\":3,\"name\":\"PHONAK\",\"item\":\"https:\/\/www.odyozone.com\/TR\/isitme-cihazlari\/phonak\/\"},{\"@type\":\"ListItem\",\"position\":4,\"name\":\"Phonak Naida Lumity\"}]},{\"@type\":\"WebSite\",\"@id\":\"https:\/\/www.odyozone.com\/TR\/#website\",\"url\":\"https:\/\/www.odyozone.com\/TR\/\",\"name\":\"Odyozone \u0130\u015fitme Cihazlar\u0131\",\"description\":\"\u0130\u015fitme Cihazlar\u0131 Ankara\",\"publisher\":{\"@id\":\"https:\/\/www.odyozone.com\/TR\/#organization\"},\"potentialAction\":[{\"@type\":\"SearchAction\",\"target\":{\"@type\":\"EntryPoint\",\"urlTemplate\":\"https:\/\/www.odyozone.com\/TR\/?s={search_term_string}\"},\"query-input\":{\"@type\":\"PropertyValueSpecification\",\"valueRequired\":true,\"valueName\":\"search_term_string\"}}],\"inLanguage\":\"tr\"},{\"@type\":\"Organization\",\"@id\":\"https:\/\/www.odyozone.com\/TR\/#organization\",\"name\":\"Odyozone \u0130\u015fitme Cihazlar\u0131\",\"url\":\"https:\/\/www.odyozone.com\/TR\/\",\"logo\":{\"@type\":\"ImageObject\",\"inLanguage\":\"tr\",\"@id\":\"https:\/\/www.odyozone.com\/TR\/#\/schema\/logo\/image\/\",\"url\":\"https:\/\/www.odyozone.com\/TR\/wp-content\/uploads\/2023\/02\/odyozonelogo.png\",\"contentUrl\":\"https:\/\/www.odyozone.com\/TR\/wp-content\/uploads\/2023\/02\/odyozonelogo.png\",\"width\":3290,\"height\":1679,\"caption\":\"Odyozone \u0130\u015fitme Cihazlar\u0131\"},\"image\":{\"@id\":\"https:\/\/www.odyozone.com\/TR\/#\/schema\/logo\/image\/\"}}]}<\/script>\n<!-- \/ Yoast SEO Premium plugin. -->","yoast_head_json":{"title":"Phonak Naida Lumity - Odyozone","robots":{"index":"index","follow":"follow","max-snippet":"max-snippet:-1","max-image-preview":"max-image-preview:large","max-video-preview":"max-video-preview:-1"},"canonical":"https:\/\/www.odyozone.com\/TR\/isitme-cihazlari\/phonak\/phonak-naida-lumity\/","og_locale":"tr_TR","og_type":"article","og_title":"Phonak Naida Lumity","og_description":"Phonak Na\u00edda\u2122\u00a0Lumity Kulak Arkas\u0131 \u00a0 Evrensel ba\u011flant\u0131 \u00a0 G\u00fc\u00e7l\u00fc i\u015fitme \u00e7\u00f6z\u00fcm\u00fc Phonak Na\u00edda Lumity en g\u00fc\u00e7l\u00fc i\u015fitme cihaz\u0131m\u0131zd\u0131r, sa\u011flam ve g\u00fcvenilirdir, t\u00fcm f\u0131rsatlar\u0131 kucaklaman\u0131za ve sohbetleri g\u00fcvenle y\u00f6nlendirmenize olanak sa\u011flar. SmartSpeech\u00a0Teknolojisi ile konu\u015fmay\u0131 anlamada \u00f6ncelik Ak\u0131ll\u0131 telefonlar, TV&#8217;ler, tabletler ve diz\u00fcst\u00fc bilgisayarlar gibi Bluetooth\u00ae \u00f6zellikli cihazlar ile evrensel ba\u011flant\u0131 i\u00e7erir myPhonak ile ki\u015fiselle\u015ftirilmi\u015f dinleme deneyimi, [&hellip;]","og_url":"https:\/\/www.odyozone.com\/TR\/isitme-cihazlari\/phonak\/phonak-naida-lumity\/","og_site_name":"Odyozone","article_modified_time":"2025-09-29T13:27:16+00:00","og_image":[{"url":"https:\/\/www.odyozone.com\/TR\/wp-content\/uploads\/2025\/09\/ph-packshot-na-da-l-up-050-1074-p3.avif","type":"","width":"","height":""}],"twitter_card":"summary_large_image","twitter_misc":{"Tahmini okuma s\u00fcresi":"2 dakika"},"schema":{"@context":"https:\/\/schema.org","@graph":[{"@type":"WebPage","@id":"https:\/\/www.odyozone.com\/TR\/isitme-cihazlari\/phonak\/phonak-naida-lumity\/","url":"https:\/\/www.odyozone.com\/TR\/isitme-cihazlari\/phonak\/phonak-naida-lumity\/","name":"Phonak Naida Lumity - Odyozone","isPartOf":{"@id":"https:\/\/www.odyozone.com\/TR\/#website"},"primaryImageOfPage":{"@id":"https:\/\/www.odyozone.com\/TR\/isitme-cihazlari\/phonak\/phonak-naida-lumity\/#primaryimage"},"image":{"@id":"https:\/\/www.odyozone.com\/TR\/isitme-cihazlari\/phonak\/phonak-naida-lumity\/#primaryimage"},"thumbnailUrl":"https:\/\/www.odyozone.com\/TR\/wp-content\/uploads\/2025\/09\/ph-packshot-na-da-l-up-050-1074-p3.avif","datePublished":"2025-09-29T13:26:00+00:00","dateModified":"2025-09-29T13:27:16+00:00","breadcrumb":{"@id":"https:\/\/www.odyozone.com\/TR\/isitme-cihazlari\/phonak\/phonak-naida-lumity\/#breadcrumb"},"inLanguage":"tr","potentialAction":[{"@type":"ReadAction","target":["https:\/\/www.odyozone.com\/TR\/isitme-cihazlari\/phonak\/phonak-naida-lumity\/"]}]},{"@type":"ImageObject","inLanguage":"tr","@id":"https:\/\/www.odyozone.com\/TR\/isitme-cihazlari\/phonak\/phonak-naida-lumity\/#primaryimage","url":"https:\/\/www.odyozone.com\/TR\/wp-content\/uploads\/2025\/09\/ph-packshot-na-da-l-up-050-1074-p3.avif","contentUrl":"https:\/\/www.odyozone.com\/TR\/wp-content\/uploads\/2025\/09\/ph-packshot-na-da-l-up-050-1074-p3.avif","width":768,"height":768},{"@type":"BreadcrumbList","@id":"https:\/\/www.odyozone.com\/TR\/isitme-cihazlari\/phonak\/phonak-naida-lumity\/#breadcrumb","itemListElement":[{"@type":"ListItem","position":1,"name":"Anasayfa","item":"https:\/\/www.odyozone.com\/TR\/"},{"@type":"ListItem","position":2,"name":"\u0130\u015fitme Cihazlar\u0131","item":"https:\/\/www.odyozone.com\/TR\/isitme-cihazlari\/"},{"@type":"ListItem","position":3,"name":"PHONAK","item":"https:\/\/www.odyozone.com\/TR\/isitme-cihazlari\/phonak\/"},{"@type":"ListItem","position":4,"name":"Phonak Naida Lumity"}]},{"@type":"WebSite","@id":"https:\/\/www.odyozone.com\/TR\/#website","url":"https:\/\/www.odyozone.com\/TR\/","name":"Odyozone \u0130\u015fitme Cihazlar\u0131","description":"\u0130\u015fitme Cihazlar\u0131 Ankara","publisher":{"@id":"https:\/\/www.odyozone.com\/TR\/#organization"},"potentialAction":[{"@type":"SearchAction","target":{"@type":"EntryPoint","urlTemplate":"https:\/\/www.odyozone.com\/TR\/?s={search_term_string}"},"query-input":{"@type":"PropertyValueSpecification","valueRequired":true,"valueName":"search_term_string"}}],"inLanguage":"tr"},{"@type":"Organization","@id":"https:\/\/www.odyozone.com\/TR\/#organization","name":"Odyozone \u0130\u015fitme Cihazlar\u0131","url":"https:\/\/www.odyozone.com\/TR\/","logo":{"@type":"ImageObject","inLanguage":"tr","@id":"https:\/\/www.odyozone.com\/TR\/#\/schema\/logo\/image\/","url":"https:\/\/www.odyozone.com\/TR\/wp-content\/uploads\/2023\/02\/odyozonelogo.png","contentUrl":"https:\/\/www.odyozone.com\/TR\/wp-content\/uploads\/2023\/02\/odyozonelogo.png","width":3290,"height":1679,"caption":"Odyozone \u0130\u015fitme Cihazlar\u0131"},"image":{"@id":"https:\/\/www.odyozone.com\/TR\/#\/schema\/logo\/image\/"}}]}},"_links":{"self":[{"href":"https:\/\/www.odyozone.com\/TR\/wp-json\/wp\/v2\/pages\/9668","targetHints":{"allow":["GET"]}}],"collection":[{"href":"https:\/\/www.odyozone.com\/TR\/wp-json\/wp\/v2\/pages"}],"about":[{"href":"https:\/\/www.odyozone.com\/TR\/wp-json\/wp\/v2\/types\/page"}],"author":[{"embeddable":true,"href":"https:\/\/www.odyozone.com\/TR\/wp-json\/wp\/v2\/users\/1"}],"replies":[{"embeddable":true,"href":"https:\/\/www.odyozone.com\/TR\/wp-json\/wp\/v2\/comments?post=9668"}],"version-history":[{"count":4,"href":"https:\/\/www.odyozone.com\/TR\/wp-json\/wp\/v2\/pages\/9668\/revisions"}],"predecessor-version":[{"id":9674,"href":"https:\/\/www.odyozone.com\/TR\/wp-json\/wp\/v2\/pages\/9668\/revisions\/9674"}],"up":[{"embeddable":true,"href":"https:\/\/www.odyozone.com\/TR\/wp-json\/wp\/v2\/pages\/9145"}],"wp:attachment":[{"href":"https:\/\/www.odyozone.com\/TR\/wp-json\/wp\/v2\/media?parent=9668"}],"curies":[{"name":"wp","href":"https:\/\/api.w.org\/{rel}","templated":true}]}}