{"id":9431,"date":"2023-05-27T15:39:31","date_gmt":"2023-05-27T12:39:31","guid":{"rendered":"https:\/\/www.odyozone.com\/TR\/?page_id=9431"},"modified":"2023-05-27T15:41:00","modified_gmt":"2023-05-27T12:41:00","slug":"oticon-xceed","status":"publish","type":"page","link":"https:\/\/www.odyozone.com\/TR\/isitme-cihazlari\/oticon\/oticon-xceed\/","title":{"rendered":"Oticon Xceed"},"content":{"rendered":"\t\t<div data-elementor-type=\"wp-page\" data-elementor-id=\"9431\" class=\"elementor elementor-9431\">\n\t\t\t\t\t\t\t        <section class=\"elementor-section elementor-top-section elementor-element elementor-element-43ec808 elementor-section-boxed elementor-section-height-default elementor-section-height-default ct-header-fixed-none ct-column-none ct-row-scroll-none ct-row-gradient--none\" data-id=\"43ec808\" data-element_type=\"section\">\n            \n                        <div class=\"elementor-container elementor-column-gap-default \">\n                    <div class=\"elementor-column elementor-col-50 elementor-top-column elementor-element elementor-element-b3402f3 ct-column-none col-offset-none col-color-offset-none\" data-id=\"b3402f3\" data-element_type=\"column\">\n            <div class=\"elementor-widget-wrap elementor-element-populated\">\n                        \t\t<div class=\"elementor-element elementor-element-797571f elementor-arrows-position-inside elementor-pagination-position-outside elementor-widget elementor-widget-image-carousel\" data-id=\"797571f\" data-element_type=\"widget\" data-settings=\"{&quot;slides_to_show&quot;:&quot;1&quot;,&quot;navigation&quot;:&quot;both&quot;,&quot;autoplay&quot;:&quot;yes&quot;,&quot;pause_on_hover&quot;:&quot;yes&quot;,&quot;pause_on_interaction&quot;:&quot;yes&quot;,&quot;autoplay_speed&quot;:5000,&quot;infinite&quot;:&quot;yes&quot;,&quot;effect&quot;:&quot;slide&quot;,&quot;speed&quot;:500}\" data-widget_type=\"image-carousel.default\">\n\t\t\t\t<div class=\"elementor-widget-container\">\n\t\t\t<style>\/*! elementor - v3.13.3 - 28-05-2023 *\/\n.elementor-widget-image-carousel .swiper,.elementor-widget-image-carousel .swiper-container{position:static}.elementor-widget-image-carousel .swiper-container .swiper-slide figure,.elementor-widget-image-carousel .swiper .swiper-slide figure{line-height:inherit}.elementor-widget-image-carousel .swiper-slide{text-align:center}.elementor-image-carousel-wrapper:not(.swiper-container-initialized):not(.swiper-initialized) .swiper-slide{max-width:calc(100% \/ var(--e-image-carousel-slides-to-show, 3))}<\/style>\t\t<div class=\"elementor-image-carousel-wrapper swiper-container\" dir=\"ltr\">\n\t\t\t<div class=\"elementor-image-carousel swiper-wrapper\">\n\t\t\t\t\t\t\t\t<div class=\"swiper-slide\"><figure class=\"swiper-slide-inner\"><img decoding=\"async\" class=\"swiper-slide-image\" src=\"https:\/\/www.odyozone.com\/TR\/wp-content\/uploads\/2023\/05\/Oticon_Xceed_BTE_UP_Left_C044Silver_LEDoff_Hook_500pctSize_cdn-optimized-370x362.webp\" alt=\"Oticon_Xceed_BTE_UP_Left_C044Silver_LEDoff_Hook_500pctSize_cdn-optimized\" \/><\/figure><\/div><div class=\"swiper-slide\"><figure class=\"swiper-slide-inner\"><img decoding=\"async\" class=\"swiper-slide-image\" src=\"https:\/\/www.odyozone.com\/TR\/wp-content\/uploads\/2023\/05\/Oticon_Xceed_BTE_UP_Left_C063DiamondBlack_LEDoff_Hook_500pctSize_cdn-optimized-370x362.webp\" alt=\"Oticon_Xceed_BTE_UP_Left_C063DiamondBlack_LEDoff_Hook_500pctSize_cdn-optimized\" \/><\/figure><\/div><div class=\"swiper-slide\"><figure class=\"swiper-slide-inner\"><img decoding=\"async\" class=\"swiper-slide-image\" src=\"https:\/\/www.odyozone.com\/TR\/wp-content\/uploads\/2023\/05\/Oticon_Xceed_BTE_UP_Left_C090ChromaBeige_LEDoff_Hook_500pctSize_cdn-optimized-370x362.webp\" alt=\"Oticon_Xceed_BTE_UP_Left_C090ChromaBeige_LEDoff_Hook_500pctSize_cdn-optimized\" \/><\/figure><\/div><div class=\"swiper-slide\"><figure class=\"swiper-slide-inner\"><img decoding=\"async\" class=\"swiper-slide-image\" src=\"https:\/\/www.odyozone.com\/TR\/wp-content\/uploads\/2023\/05\/Oticon_Xceed_BTE_UP_Left_C091SilverGrey_LEDoff_Hook_500pctSize_cdn-optimized-370x362.webp\" alt=\"Oticon_Xceed_BTE_UP_Left_C091SilverGrey_LEDoff_Hook_500pctSize_cdn-optimized\" \/><\/figure><\/div><div class=\"swiper-slide\"><figure class=\"swiper-slide-inner\"><img decoding=\"async\" class=\"swiper-slide-image\" src=\"https:\/\/www.odyozone.com\/TR\/wp-content\/uploads\/2023\/05\/Oticon_Xceed_BTE_UP_Left_C092SteelGrey_LEDoff_Hook_500pctSize_cdn-optimized-370x362.webp\" alt=\"Oticon_Xceed_BTE_UP_Left_C092SteelGrey_LEDoff_Hook_500pctSize_cdn-optimized\" \/><\/figure><\/div><div class=\"swiper-slide\"><figure class=\"swiper-slide-inner\"><img decoding=\"async\" class=\"swiper-slide-image\" src=\"https:\/\/www.odyozone.com\/TR\/wp-content\/uploads\/2023\/05\/Oticon_Xceed_BTE_UP_Left_C093ChestnutBrown_LEDoff_Hook_500pctSize_cdn-optimized-370x362.webp\" alt=\"Oticon_Xceed_BTE_UP_Left_C093ChestnutBrown_LEDoff_Hook_500pctSize_cdn-optimized\" \/><\/figure><\/div><div class=\"swiper-slide\"><figure class=\"swiper-slide-inner\"><img decoding=\"async\" class=\"swiper-slide-image\" src=\"https:\/\/www.odyozone.com\/TR\/wp-content\/uploads\/2023\/05\/Oticon_Xceed_BTE_UP_Left_C094Terracotta_LEDoff_Hook_500pctSize_cdn-optimized-370x362.webp\" alt=\"Oticon_Xceed_BTE_UP_Left_C094Terracotta_LEDoff_Hook_500pctSize_cdn-optimized\" \/><\/figure><\/div>\t\t\t<\/div>\n\t\t\t\t\t\t\t\t\t\t\t\t<div class=\"swiper-pagination\"><\/div>\n\t\t\t\t\t\t\t\t\t\t\t\t\t<div class=\"elementor-swiper-button elementor-swiper-button-prev\" role=\"button\" tabindex=\"0\">\n\t\t\t\t\t\t<i aria-hidden=\"true\" class=\"eicon-chevron-left\"><\/i>\t\t\t\t\t\t<span class=\"elementor-screen-only\">Previous image<\/span>\n\t\t\t\t\t<\/div>\n\t\t\t\t\t<div class=\"elementor-swiper-button elementor-swiper-button-next\" role=\"button\" tabindex=\"0\">\n\t\t\t\t\t\t<i aria-hidden=\"true\" class=\"eicon-chevron-right\"><\/i>\t\t\t\t\t\t<span class=\"elementor-screen-only\">Next image<\/span>\n\t\t\t\t\t<\/div>\n\t\t\t\t\t\t\t\t\t<\/div>\n\t\t\t\t<\/div>\n\t\t\t\t<\/div>\n\t\t            <\/div>\n        <\/div>\n                <div class=\"elementor-column elementor-col-50 elementor-top-column elementor-element elementor-element-2b9b4b3 ct-column-none col-offset-none col-color-offset-none\" data-id=\"2b9b4b3\" data-element_type=\"column\">\n            <div class=\"elementor-widget-wrap elementor-element-populated\">\n                        \t\t<div class=\"elementor-element elementor-element-5307d94 elementor-widget elementor-widget-text-editor\" data-id=\"5307d94\" data-element_type=\"widget\" data-widget_type=\"text-editor.default\">\n\t\t\t\t<div class=\"elementor-widget-container\">\n\t\t\t<style>\/*! elementor - v3.13.3 - 28-05-2023 *\/\n.elementor-widget-text-editor.elementor-drop-cap-view-stacked .elementor-drop-cap{background-color:#69727d;color:#fff}.elementor-widget-text-editor.elementor-drop-cap-view-framed .elementor-drop-cap{color:#69727d;border:3px solid;background-color:transparent}.elementor-widget-text-editor:not(.elementor-drop-cap-view-default) .elementor-drop-cap{margin-top:8px}.elementor-widget-text-editor:not(.elementor-drop-cap-view-default) .elementor-drop-cap-letter{width:1em;height:1em}.elementor-widget-text-editor .elementor-drop-cap{float:left;text-align:center;line-height:1;font-size:50px}.elementor-widget-text-editor .elementor-drop-cap-letter{display:inline-block}<\/style>\t\t\t\t<div class=\"flex-column headline-container\"><div class=\"flex-column headline-container\"><div class=\"flex-column headline-container\"><div class=\"flex-column headline-container\"><h1>Oticon Xceed<\/h1><h2>BTE Ultra Power<\/h2><\/div><p class=\"details__marketing-desc\">\u0130leri ve \u00e7ok ileri derecede i\u015fitme kayb\u0131 olanlar i\u00e7in en g\u00fc\u00e7l\u00fc i\u015fitme cihaz\u0131 olan Oticon Xceed BTE UP, ses seviyesini kolayca kontrol etmek i\u00e7in ikili dokunmatik d\u00fc\u011fme ve programlar\u0131 de\u011fi\u015ftirmek i\u00e7in ekstra bir d\u00fc\u011fmenin bulundu\u011fu kompakt bir tasar\u0131ma sahiptir. Bluetooth teknolojisine sahip Oticon Xceed BTE UP, favori cihazlar\u0131n\u0131za kolay ve sorunsuz ba\u011flant\u0131 olana\u011f\u0131 sunar. Tiyatro veya sinema gibi, loop sistemi bulunan kamuya a\u00e7\u0131k alanlarda geli\u015fmi\u015f dinleme deneyimi i\u00e7in telecoil \u00f6zelli\u011fi ile sunulur ve i\u015fitme cihaz\u0131n\u0131n durumunu izlemek i\u00e7in iste\u011fe ba\u011fl\u0131 gizli bir LED g\u00f6stergesine sahiptir.<\/p><div class=\"details__specifics\"><div class=\"details__specifics__row\"><div class=\"key\">T\u00fcr:<\/div><div class=\"value\">BTE<\/div><\/div><div class=\"details__specifics__row\"><div class=\"key\">\u0130\u015fitme kayb\u0131:<\/div><div class=\"value\">\u0130leri &#8211; \u00c7ok ileri<\/div><\/div><div class=\"details__specifics__row\"><div class=\"key\">Pil numaras\u0131:<\/div><div class=\"value\">675<\/div><\/div><\/div><\/div><\/div><\/div>\t\t\t\t\t\t<\/div>\n\t\t\t\t<\/div>\n\t\t\t\t<div class=\"elementor-element elementor-element-b4ac12b elementor-widget elementor-widget-ct_accordion\" data-id=\"b4ac12b\" data-element_type=\"widget\" data-widget_type=\"ct_accordion.default\">\n\t\t\t\t<div class=\"elementor-widget-container\">\n\t\t\t    <div id=\"ct_accordion-b4ac12b\" class=\"ct-accordion ct-accordion1   style1\" data-wow-duration=\"1.2s\">\r\n                    <div class=\"ct-accordion-item \">\r\n                <div class=\"ct-ac-title \" data-target=\"#628bfd7ct_accordion-b4ac12b\">\r\n                    <a class=\"ct-ac-title-text\">Ses Kalitesi                        <i class=\"ct-accordion-icon-plus\"><\/i>\r\n                    <\/a>\r\n                <\/div>\r\n                <div id=\"628bfd7ct_accordion-b4ac12b\" class=\"ct-ac-content\">360\u00b0 ses deneyimi<br \/>\n<br \/>\nOticon i\u015fitme cihazlar\u0131, sizi etraf\u0131n\u0131zdaki t\u00fcm seslere ba\u011flayan, ya\u015fam\u0131 de\u011fi\u015ftiren bir teknolojiye sahiptir.<br \/>\n<br \/>\nU\u011fultu sesine son<br \/>\n<br \/>\nYeni \u00f6zellik, rahats\u0131z edici u\u011fultu seslerini daha meydana gelmeden alg\u0131lay\u0131p meydana gelmesini engeller.<\/div>\r\n            <\/div>\r\n                    <div class=\"ct-accordion-item \">\r\n                <div class=\"ct-ac-title \" data-target=\"#0d7456fct_accordion-b4ac12b\">\r\n                    <a class=\"ct-ac-title-text\">G\u00fcndelik Kullan\u0131m                        <i class=\"ct-accordion-icon-plus\"><\/i>\r\n                    <\/a>\r\n                <\/div>\r\n                <div id=\"0d7456fct_accordion-b4ac12b\" class=\"ct-ac-content\">Kolay ve zahmetsiz ba\u011flant\u0131<br \/>\n<br \/>\n\u0130\u015fitme cihazlar\u0131n\u0131 kontrol etmek i\u00e7in Oticon ON Uygulamas\u0131n\u0131 kullanma, m\u00fczik ak\u0131\u015f\u0131 ve telefonla konu\u015fma gibi \u00e7ok say\u0131da ba\u011flant\u0131 se\u00e7ene\u011finin tad\u0131n\u0131 \u00e7\u0131kar\u0131n. Bluetooth kablosuz teknolojisi t\u00fcm bunlar\u0131 m\u00fcmk\u00fcn k\u0131l\u0131yor.<br \/>\n<br \/>\nSuya ve toza dayan\u0131kl\u0131<br \/>\n<br \/>\nOticon i\u015fitme cihazlar\u0131 IP68 sertifikal\u0131d\u0131r. Bu, neme ve toza kar\u015f\u0131 dayan\u0131kl\u0131 olduklar\u0131 anlam\u0131na gelir.<\/div>\r\n            <\/div>\r\n            <\/div>\r\n\t\t<\/div>\n\t\t\t\t<\/div>\n\t\t            <\/div>\n        <\/div>\n                            <\/div>\n        <\/section>\n        \t\t\t\t\t<\/div>\n\t\t","protected":false},"excerpt":{"rendered":"<p>\u00d6nceki Sonraki Oticon Xceed BTE Ultra Power \u0130leri ve \u00e7ok ileri derecede i\u015fitme kayb\u0131 olanlar i\u00e7in en g\u00fc\u00e7l\u00fc i\u015fitme cihaz\u0131 olan Oticon Xceed BTE UP, ses seviyesini kolayca kontrol etmek i\u00e7in ikili dokunmatik d\u00fc\u011fme ve programlar\u0131 de\u011fi\u015ftirmek i\u00e7in ekstra bir d\u00fc\u011fmenin bulundu\u011fu kompakt bir tasar\u0131ma sahiptir. Bluetooth teknolojisine sahip Oticon Xceed BTE UP, favori cihazlar\u0131n\u0131za [&hellip;]<\/p>\n","protected":false},"author":1,"featured_media":0,"parent":9141,"menu_order":0,"comment_status":"closed","ping_status":"closed","template":"","meta":{"footnotes":""},"class_list":["post-9431","page","type-page","status-publish","hentry"],"yoast_head":"<!-- This site is optimized with the Yoast SEO Premium plugin v20.7 (Yoast SEO v26.9) - https:\/\/yoast.com\/product\/yoast-seo-premium-wordpress\/ -->\n<title>Oticon Xceed - Odyozone<\/title>\n<meta name=\"robots\" content=\"index, follow, max-snippet:-1, max-image-preview:large, max-video-preview:-1\" \/>\n<link rel=\"canonical\" href=\"https:\/\/www.odyozone.com\/TR\/isitme-cihazlari\/oticon\/oticon-xceed\/\" \/>\n<meta property=\"og:locale\" content=\"tr_TR\" \/>\n<meta property=\"og:type\" content=\"article\" \/>\n<meta property=\"og:title\" content=\"Oticon Xceed\" \/>\n<meta property=\"og:description\" content=\"\u00d6nceki Sonraki Oticon Xceed BTE Ultra Power \u0130leri ve \u00e7ok ileri derecede i\u015fitme kayb\u0131 olanlar i\u00e7in en g\u00fc\u00e7l\u00fc i\u015fitme cihaz\u0131 olan Oticon Xceed BTE UP, ses seviyesini kolayca kontrol etmek i\u00e7in ikili dokunmatik d\u00fc\u011fme ve programlar\u0131 de\u011fi\u015ftirmek i\u00e7in ekstra bir d\u00fc\u011fmenin bulundu\u011fu kompakt bir tasar\u0131ma sahiptir. Bluetooth teknolojisine sahip Oticon Xceed BTE UP, favori cihazlar\u0131n\u0131za [&hellip;]\" \/>\n<meta property=\"og:url\" content=\"https:\/\/www.odyozone.com\/TR\/isitme-cihazlari\/oticon\/oticon-xceed\/\" \/>\n<meta property=\"og:site_name\" content=\"Odyozone\" \/>\n<meta property=\"article:modified_time\" content=\"2023-05-27T12:41:00+00:00\" \/>\n<meta property=\"og:image\" content=\"https:\/\/www.odyozone.com\/TR\/wp-content\/uploads\/2023\/05\/Oticon_Xceed_BTE_UP_Left_C044Silver_LEDoff_Hook_500pctSize_cdn-optimized-370x362.webp\" \/>\n<meta name=\"twitter:card\" content=\"summary_large_image\" \/>\n<meta name=\"twitter:label1\" content=\"Tahmini okuma s\u00fcresi\" \/>\n\t<meta name=\"twitter:data1\" content=\"1 dakika\" \/>\n<script type=\"application\/ld+json\" class=\"yoast-schema-graph\">{\"@context\":\"https:\/\/schema.org\",\"@graph\":[{\"@type\":\"WebPage\",\"@id\":\"https:\/\/www.odyozone.com\/TR\/isitme-cihazlari\/oticon\/oticon-xceed\/\",\"url\":\"https:\/\/www.odyozone.com\/TR\/isitme-cihazlari\/oticon\/oticon-xceed\/\",\"name\":\"Oticon Xceed - Odyozone\",\"isPartOf\":{\"@id\":\"https:\/\/www.odyozone.com\/TR\/#website\"},\"primaryImageOfPage\":{\"@id\":\"https:\/\/www.odyozone.com\/TR\/isitme-cihazlari\/oticon\/oticon-xceed\/#primaryimage\"},\"image\":{\"@id\":\"https:\/\/www.odyozone.com\/TR\/isitme-cihazlari\/oticon\/oticon-xceed\/#primaryimage\"},\"thumbnailUrl\":\"https:\/\/www.odyozone.com\/TR\/wp-content\/uploads\/2023\/05\/Oticon_Xceed_BTE_UP_Left_C044Silver_LEDoff_Hook_500pctSize_cdn-optimized-370x362.webp\",\"datePublished\":\"2023-05-27T12:39:31+00:00\",\"dateModified\":\"2023-05-27T12:41:00+00:00\",\"breadcrumb\":{\"@id\":\"https:\/\/www.odyozone.com\/TR\/isitme-cihazlari\/oticon\/oticon-xceed\/#breadcrumb\"},\"inLanguage\":\"tr\",\"potentialAction\":[{\"@type\":\"ReadAction\",\"target\":[\"https:\/\/www.odyozone.com\/TR\/isitme-cihazlari\/oticon\/oticon-xceed\/\"]}]},{\"@type\":\"ImageObject\",\"inLanguage\":\"tr\",\"@id\":\"https:\/\/www.odyozone.com\/TR\/isitme-cihazlari\/oticon\/oticon-xceed\/#primaryimage\",\"url\":\"https:\/\/www.odyozone.com\/TR\/wp-content\/uploads\/2023\/05\/Oticon_Xceed_BTE_UP_Left_C044Silver_LEDoff_Hook_500pctSize_cdn-optimized-370x362.webp\",\"contentUrl\":\"https:\/\/www.odyozone.com\/TR\/wp-content\/uploads\/2023\/05\/Oticon_Xceed_BTE_UP_Left_C044Silver_LEDoff_Hook_500pctSize_cdn-optimized-370x362.webp\"},{\"@type\":\"BreadcrumbList\",\"@id\":\"https:\/\/www.odyozone.com\/TR\/isitme-cihazlari\/oticon\/oticon-xceed\/#breadcrumb\",\"itemListElement\":[{\"@type\":\"ListItem\",\"position\":1,\"name\":\"Anasayfa\",\"item\":\"https:\/\/www.odyozone.com\/TR\/\"},{\"@type\":\"ListItem\",\"position\":2,\"name\":\"\u0130\u015fitme Cihazlar\u0131\",\"item\":\"https:\/\/www.odyozone.com\/TR\/isitme-cihazlari\/\"},{\"@type\":\"ListItem\",\"position\":3,\"name\":\"OTICON\",\"item\":\"https:\/\/www.odyozone.com\/TR\/isitme-cihazlari\/oticon\/\"},{\"@type\":\"ListItem\",\"position\":4,\"name\":\"Oticon Xceed\"}]},{\"@type\":\"WebSite\",\"@id\":\"https:\/\/www.odyozone.com\/TR\/#website\",\"url\":\"https:\/\/www.odyozone.com\/TR\/\",\"name\":\"Odyozone \u0130\u015fitme Cihazlar\u0131\",\"description\":\"\u0130\u015fitme Cihazlar\u0131 Ankara\",\"publisher\":{\"@id\":\"https:\/\/www.odyozone.com\/TR\/#organization\"},\"potentialAction\":[{\"@type\":\"SearchAction\",\"target\":{\"@type\":\"EntryPoint\",\"urlTemplate\":\"https:\/\/www.odyozone.com\/TR\/?s={search_term_string}\"},\"query-input\":{\"@type\":\"PropertyValueSpecification\",\"valueRequired\":true,\"valueName\":\"search_term_string\"}}],\"inLanguage\":\"tr\"},{\"@type\":\"Organization\",\"@id\":\"https:\/\/www.odyozone.com\/TR\/#organization\",\"name\":\"Odyozone \u0130\u015fitme Cihazlar\u0131\",\"url\":\"https:\/\/www.odyozone.com\/TR\/\",\"logo\":{\"@type\":\"ImageObject\",\"inLanguage\":\"tr\",\"@id\":\"https:\/\/www.odyozone.com\/TR\/#\/schema\/logo\/image\/\",\"url\":\"https:\/\/www.odyozone.com\/TR\/wp-content\/uploads\/2023\/02\/odyozonelogo.png\",\"contentUrl\":\"https:\/\/www.odyozone.com\/TR\/wp-content\/uploads\/2023\/02\/odyozonelogo.png\",\"width\":3290,\"height\":1679,\"caption\":\"Odyozone \u0130\u015fitme Cihazlar\u0131\"},\"image\":{\"@id\":\"https:\/\/www.odyozone.com\/TR\/#\/schema\/logo\/image\/\"}}]}<\/script>\n<!-- \/ Yoast SEO Premium plugin. -->","yoast_head_json":{"title":"Oticon Xceed - Odyozone","robots":{"index":"index","follow":"follow","max-snippet":"max-snippet:-1","max-image-preview":"max-image-preview:large","max-video-preview":"max-video-preview:-1"},"canonical":"https:\/\/www.odyozone.com\/TR\/isitme-cihazlari\/oticon\/oticon-xceed\/","og_locale":"tr_TR","og_type":"article","og_title":"Oticon Xceed","og_description":"\u00d6nceki Sonraki Oticon Xceed BTE Ultra Power \u0130leri ve \u00e7ok ileri derecede i\u015fitme kayb\u0131 olanlar i\u00e7in en g\u00fc\u00e7l\u00fc i\u015fitme cihaz\u0131 olan Oticon Xceed BTE UP, ses seviyesini kolayca kontrol etmek i\u00e7in ikili dokunmatik d\u00fc\u011fme ve programlar\u0131 de\u011fi\u015ftirmek i\u00e7in ekstra bir d\u00fc\u011fmenin bulundu\u011fu kompakt bir tasar\u0131ma sahiptir. Bluetooth teknolojisine sahip Oticon Xceed BTE UP, favori cihazlar\u0131n\u0131za [&hellip;]","og_url":"https:\/\/www.odyozone.com\/TR\/isitme-cihazlari\/oticon\/oticon-xceed\/","og_site_name":"Odyozone","article_modified_time":"2023-05-27T12:41:00+00:00","og_image":[{"url":"https:\/\/www.odyozone.com\/TR\/wp-content\/uploads\/2023\/05\/Oticon_Xceed_BTE_UP_Left_C044Silver_LEDoff_Hook_500pctSize_cdn-optimized-370x362.webp","type":"","width":"","height":""}],"twitter_card":"summary_large_image","twitter_misc":{"Tahmini okuma s\u00fcresi":"1 dakika"},"schema":{"@context":"https:\/\/schema.org","@graph":[{"@type":"WebPage","@id":"https:\/\/www.odyozone.com\/TR\/isitme-cihazlari\/oticon\/oticon-xceed\/","url":"https:\/\/www.odyozone.com\/TR\/isitme-cihazlari\/oticon\/oticon-xceed\/","name":"Oticon Xceed - Odyozone","isPartOf":{"@id":"https:\/\/www.odyozone.com\/TR\/#website"},"primaryImageOfPage":{"@id":"https:\/\/www.odyozone.com\/TR\/isitme-cihazlari\/oticon\/oticon-xceed\/#primaryimage"},"image":{"@id":"https:\/\/www.odyozone.com\/TR\/isitme-cihazlari\/oticon\/oticon-xceed\/#primaryimage"},"thumbnailUrl":"https:\/\/www.odyozone.com\/TR\/wp-content\/uploads\/2023\/05\/Oticon_Xceed_BTE_UP_Left_C044Silver_LEDoff_Hook_500pctSize_cdn-optimized-370x362.webp","datePublished":"2023-05-27T12:39:31+00:00","dateModified":"2023-05-27T12:41:00+00:00","breadcrumb":{"@id":"https:\/\/www.odyozone.com\/TR\/isitme-cihazlari\/oticon\/oticon-xceed\/#breadcrumb"},"inLanguage":"tr","potentialAction":[{"@type":"ReadAction","target":["https:\/\/www.odyozone.com\/TR\/isitme-cihazlari\/oticon\/oticon-xceed\/"]}]},{"@type":"ImageObject","inLanguage":"tr","@id":"https:\/\/www.odyozone.com\/TR\/isitme-cihazlari\/oticon\/oticon-xceed\/#primaryimage","url":"https:\/\/www.odyozone.com\/TR\/wp-content\/uploads\/2023\/05\/Oticon_Xceed_BTE_UP_Left_C044Silver_LEDoff_Hook_500pctSize_cdn-optimized-370x362.webp","contentUrl":"https:\/\/www.odyozone.com\/TR\/wp-content\/uploads\/2023\/05\/Oticon_Xceed_BTE_UP_Left_C044Silver_LEDoff_Hook_500pctSize_cdn-optimized-370x362.webp"},{"@type":"BreadcrumbList","@id":"https:\/\/www.odyozone.com\/TR\/isitme-cihazlari\/oticon\/oticon-xceed\/#breadcrumb","itemListElement":[{"@type":"ListItem","position":1,"name":"Anasayfa","item":"https:\/\/www.odyozone.com\/TR\/"},{"@type":"ListItem","position":2,"name":"\u0130\u015fitme Cihazlar\u0131","item":"https:\/\/www.odyozone.com\/TR\/isitme-cihazlari\/"},{"@type":"ListItem","position":3,"name":"OTICON","item":"https:\/\/www.odyozone.com\/TR\/isitme-cihazlari\/oticon\/"},{"@type":"ListItem","position":4,"name":"Oticon Xceed"}]},{"@type":"WebSite","@id":"https:\/\/www.odyozone.com\/TR\/#website","url":"https:\/\/www.odyozone.com\/TR\/","name":"Odyozone \u0130\u015fitme Cihazlar\u0131","description":"\u0130\u015fitme Cihazlar\u0131 Ankara","publisher":{"@id":"https:\/\/www.odyozone.com\/TR\/#organization"},"potentialAction":[{"@type":"SearchAction","target":{"@type":"EntryPoint","urlTemplate":"https:\/\/www.odyozone.com\/TR\/?s={search_term_string}"},"query-input":{"@type":"PropertyValueSpecification","valueRequired":true,"valueName":"search_term_string"}}],"inLanguage":"tr"},{"@type":"Organization","@id":"https:\/\/www.odyozone.com\/TR\/#organization","name":"Odyozone \u0130\u015fitme Cihazlar\u0131","url":"https:\/\/www.odyozone.com\/TR\/","logo":{"@type":"ImageObject","inLanguage":"tr","@id":"https:\/\/www.odyozone.com\/TR\/#\/schema\/logo\/image\/","url":"https:\/\/www.odyozone.com\/TR\/wp-content\/uploads\/2023\/02\/odyozonelogo.png","contentUrl":"https:\/\/www.odyozone.com\/TR\/wp-content\/uploads\/2023\/02\/odyozonelogo.png","width":3290,"height":1679,"caption":"Odyozone \u0130\u015fitme Cihazlar\u0131"},"image":{"@id":"https:\/\/www.odyozone.com\/TR\/#\/schema\/logo\/image\/"}}]}},"_links":{"self":[{"href":"https:\/\/www.odyozone.com\/TR\/wp-json\/wp\/v2\/pages\/9431","targetHints":{"allow":["GET"]}}],"collection":[{"href":"https:\/\/www.odyozone.com\/TR\/wp-json\/wp\/v2\/pages"}],"about":[{"href":"https:\/\/www.odyozone.com\/TR\/wp-json\/wp\/v2\/types\/page"}],"author":[{"embeddable":true,"href":"https:\/\/www.odyozone.com\/TR\/wp-json\/wp\/v2\/users\/1"}],"replies":[{"embeddable":true,"href":"https:\/\/www.odyozone.com\/TR\/wp-json\/wp\/v2\/comments?post=9431"}],"version-history":[{"count":4,"href":"https:\/\/www.odyozone.com\/TR\/wp-json\/wp\/v2\/pages\/9431\/revisions"}],"predecessor-version":[{"id":9443,"href":"https:\/\/www.odyozone.com\/TR\/wp-json\/wp\/v2\/pages\/9431\/revisions\/9443"}],"up":[{"embeddable":true,"href":"https:\/\/www.odyozone.com\/TR\/wp-json\/wp\/v2\/pages\/9141"}],"wp:attachment":[{"href":"https:\/\/www.odyozone.com\/TR\/wp-json\/wp\/v2\/media?parent=9431"}],"curies":[{"name":"wp","href":"https:\/\/api.w.org\/{rel}","templated":true}]}}