{"id":9171,"date":"2023-02-04T13:30:33","date_gmt":"2023-02-04T10:30:33","guid":{"rendered":"https:\/\/www.odyozone.com\/TR\/?page_id=9171"},"modified":"2023-05-27T16:27:25","modified_gmt":"2023-05-27T13:27:25","slug":"resound-one","status":"publish","type":"page","link":"https:\/\/www.odyozone.com\/TR\/isitme-cihazlari\/resound-gn\/resound-one\/","title":{"rendered":"ReSound ONE"},"content":{"rendered":"\t\t<div data-elementor-type=\"wp-page\" data-elementor-id=\"9171\" class=\"elementor elementor-9171\">\n\t\t\t\t\t\t\t        <section class=\"elementor-section elementor-top-section elementor-element elementor-element-548ab9f elementor-section-boxed elementor-section-height-default elementor-section-height-default ct-header-fixed-none ct-column-none ct-row-scroll-none ct-row-gradient--none\" data-id=\"548ab9f\" data-element_type=\"section\">\n            \n                        <div class=\"elementor-container elementor-column-gap-default \">\n                    <div class=\"elementor-column elementor-col-50 elementor-top-column elementor-element elementor-element-35dbc9a ct-column-none col-offset-none col-color-offset-none\" data-id=\"35dbc9a\" data-element_type=\"column\">\n            <div class=\"elementor-widget-wrap elementor-element-populated\">\n                        \t\t<div class=\"elementor-element elementor-element-d612504 elementor-widget elementor-widget-text-editor\" data-id=\"d612504\" data-element_type=\"widget\" data-widget_type=\"text-editor.default\">\n\t\t\t\t<div class=\"elementor-widget-container\">\n\t\t\t<style>\/*! elementor - v3.13.3 - 28-05-2023 *\/\n.elementor-widget-text-editor.elementor-drop-cap-view-stacked .elementor-drop-cap{background-color:#69727d;color:#fff}.elementor-widget-text-editor.elementor-drop-cap-view-framed .elementor-drop-cap{color:#69727d;border:3px solid;background-color:transparent}.elementor-widget-text-editor:not(.elementor-drop-cap-view-default) .elementor-drop-cap{margin-top:8px}.elementor-widget-text-editor:not(.elementor-drop-cap-view-default) .elementor-drop-cap-letter{width:1em;height:1em}.elementor-widget-text-editor .elementor-drop-cap{float:left;text-align:center;line-height:1;font-size:50px}.elementor-widget-text-editor .elementor-drop-cap-letter{display:inline-block}<\/style>\t\t\t\t<div class=\"heading h3\" role=\"heading\" aria-level=\"2\">ReSound ONE<\/div><div class=\"heading h1\" role=\"heading\" aria-level=\"1\">Bamba\u015fka bir i\u015fitme deneyimi<\/div><p>T\u0131pk\u0131 parmak iziniz gibi, i\u015fitmeniz de e\u015fsizdir. Art\u0131k kulak kanal\u0131n\u0131z\u0131n i\u00e7ine yerle\u015ftirilen ek bir mikrofon ile ger\u00e7ek anlamda ki\u015fiselle\u015ftirilmi\u015f, do\u011fal ve daha eksiksiz sesler alg\u0131layabilirsiniz.Biz buna M&amp;RIE diyoruz. Sesi iletmek i\u00e7in kendi kulaklar\u0131n\u0131z\u0131 kullan\u0131r.\u00a0<\/p>\t\t\t\t\t\t<\/div>\n\t\t\t\t<\/div>\n\t\t            <\/div>\n        <\/div>\n                <div class=\"elementor-column elementor-col-50 elementor-top-column elementor-element elementor-element-1638e58 ct-column-none col-offset-none col-color-offset-none\" data-id=\"1638e58\" data-element_type=\"column\">\n            <div class=\"elementor-widget-wrap elementor-element-populated\">\n                        \t\t<div class=\"elementor-element elementor-element-37eca6a elementor-widget elementor-widget-image\" data-id=\"37eca6a\" data-element_type=\"widget\" data-widget_type=\"image.default\">\n\t\t\t\t<div class=\"elementor-widget-container\">\n\t\t\t<style>\/*! elementor - v3.13.3 - 28-05-2023 *\/\n.elementor-widget-image{text-align:center}.elementor-widget-image a{display:inline-block}.elementor-widget-image a img[src$=\".svg\"]{width:48px}.elementor-widget-image img{vertical-align:middle;display:inline-block}<\/style>\t\t\t\t\t\t\t\t\t\t\t\t<img decoding=\"async\" width=\"640\" height=\"460\" src=\"https:\/\/www.odyozone.com\/TR\/wp-content\/uploads\/2023\/05\/resound-features-1024x736.png\" class=\"attachment-large size-large wp-image-9506\" alt=\"\" srcset=\"https:\/\/www.odyozone.com\/TR\/wp-content\/uploads\/2023\/05\/resound-features-1024x736.png 1024w, https:\/\/www.odyozone.com\/TR\/wp-content\/uploads\/2023\/05\/resound-features-300x216.png 300w, https:\/\/www.odyozone.com\/TR\/wp-content\/uploads\/2023\/05\/resound-features-768x552.png 768w, https:\/\/www.odyozone.com\/TR\/wp-content\/uploads\/2023\/05\/resound-features.png 1200w\" sizes=\"(max-width: 640px) 100vw, 640px\" \/>\t\t\t\t\t\t\t\t\t\t\t\t\t\t\t<\/div>\n\t\t\t\t<\/div>\n\t\t            <\/div>\n        <\/div>\n                            <\/div>\n        <\/section>\n                <section class=\"elementor-section elementor-top-section elementor-element elementor-element-83d0291 elementor-section-boxed elementor-section-height-default elementor-section-height-default ct-header-fixed-none ct-column-none ct-row-scroll-none ct-row-gradient--none\" data-id=\"83d0291\" data-element_type=\"section\">\n            \n                        <div class=\"elementor-container elementor-column-gap-default \">\n                    <div class=\"elementor-column elementor-col-100 elementor-top-column elementor-element elementor-element-ded4d41 ct-column-none col-offset-none col-color-offset-none\" data-id=\"ded4d41\" data-element_type=\"column\">\n            <div class=\"elementor-widget-wrap elementor-element-populated\">\n                        \t\t<div class=\"elementor-element elementor-element-e554ccf elementor-widget elementor-widget-video\" data-id=\"e554ccf\" data-element_type=\"widget\" data-settings=\"{&quot;youtube_url&quot;:&quot;https:\\\/\\\/www.youtube.com\\\/watch?v=SIsftKT7UWc&amp;t=1s&quot;,&quot;video_type&quot;:&quot;youtube&quot;,&quot;controls&quot;:&quot;yes&quot;}\" data-widget_type=\"video.default\">\n\t\t\t\t<div class=\"elementor-widget-container\">\n\t\t\t<style>\/*! elementor - v3.13.3 - 28-05-2023 *\/\n.elementor-widget-video .elementor-widget-container{overflow:hidden;transform:translateZ(0)}.elementor-widget-video .elementor-wrapper{aspect-ratio:var(--video-aspect-ratio)}.elementor-widget-video .elementor-wrapper iframe,.elementor-widget-video .elementor-wrapper video{height:100%;width:100%;display:flex;border:none;background-color:#000}@supports not (aspect-ratio:1\/1){.elementor-widget-video .elementor-wrapper{position:relative;overflow:hidden;height:0;padding-bottom:calc(100% \/ var(--video-aspect-ratio))}.elementor-widget-video .elementor-wrapper iframe,.elementor-widget-video .elementor-wrapper video{position:absolute;top:0;right:0;bottom:0;left:0}}.elementor-widget-video .elementor-open-inline .elementor-custom-embed-image-overlay{position:absolute;top:0;left:0;width:100%;height:100%;background-size:cover;background-position:50%}.elementor-widget-video .elementor-custom-embed-image-overlay{cursor:pointer;text-align:center}.elementor-widget-video .elementor-custom-embed-image-overlay:hover .elementor-custom-embed-play i{opacity:1}.elementor-widget-video .elementor-custom-embed-image-overlay img{display:block;width:100%}.elementor-widget-video .e-hosted-video .elementor-video{-o-object-fit:cover;object-fit:cover}.e-con-inner>.elementor-widget-video,.e-con>.elementor-widget-video{width:var(--container-widget-width);--flex-grow:var(--container-widget-flex-grow)}<\/style>\t\t<div class=\"elementor-wrapper elementor-open-inline\">\n\t\t\t<div class=\"elementor-video\"><\/div>\t\t<\/div>\n\t\t\t\t<\/div>\n\t\t\t\t<\/div>\n\t\t            <\/div>\n        <\/div>\n                            <\/div>\n        <\/section>\n                <section class=\"elementor-section elementor-top-section elementor-element elementor-element-452a715 elementor-section-boxed elementor-section-height-default elementor-section-height-default ct-header-fixed-none ct-column-none ct-row-scroll-none ct-row-gradient--none\" data-id=\"452a715\" data-element_type=\"section\">\n            \n                        <div class=\"elementor-container elementor-column-gap-default \">\n                    <div class=\"elementor-column elementor-col-100 elementor-top-column elementor-element elementor-element-d5e50ee ct-column-none col-offset-none col-color-offset-none\" data-id=\"d5e50ee\" data-element_type=\"column\">\n            <div class=\"elementor-widget-wrap elementor-element-populated\">\n                        \t\t<div class=\"elementor-element elementor-element-52b07f9 elementor-widget elementor-widget-text-editor\" data-id=\"52b07f9\" data-element_type=\"widget\" data-widget_type=\"text-editor.default\">\n\t\t\t\t<div class=\"elementor-widget-container\">\n\t\t\t\t\t\t\t<div class=\"feature-scroll__listitem__contentcontainer\"><div class=\"feature-scroll__item-content\"><div><div class=\"feature-scroll__item-header\"><h2 class=\"feature-scroll__listitem__headingtext heading\">D\u00fcnyay\u0131 kendi kulaklar\u0131n\u0131zla dinleyin\u00a0<\/h2><\/div><div class=\"feature-scroll__listitem__content has-icon\"><div class=\"feature-scroll__listitem__text\">M&amp;RIE tasar\u0131m\u0131, en do\u011fal sesimizi vermek i\u00e7in benzersiz kulak \u015feklinizi kullan\u0131r.<\/div><\/div><\/div><\/div><div class=\"feature-scroll__item-content\"><div class=\"feature-scroll__item-header\"><h2 class=\"feature-scroll__listitem__headingtext heading\">Nerede olursan\u0131z olun daha iyi i\u015fitin<\/h2><\/div><div class=\"feature-scroll__listitem__content has-icon\"><div class=\"feature-scroll__listitem__text\">T\u00fcm Eri\u015fim Y\u00f6nl\u00fcl\u00fc\u011f\u00fc, sizin i\u00e7in \u00f6nem ta\u015f\u0131yan neyse onu i\u015fitmeniz i\u00e7in en iyi konumda olman\u0131z\u0131 sa\u011flar.<\/div><\/div><\/div><\/div><div class=\"feature-scroll__listitem__contentcontainer\"><div class=\"feature-scroll__item-content\"><div class=\"feature-scroll__item-header\"><h2 class=\"feature-scroll__listitem__headingtext heading\">\u00d6n\u00fcn\u00fczdeki konu\u015fmaya odaklan\u0131n\u00a0<\/h2><\/div><div class=\"feature-scroll__listitem__content has-icon\"><div class=\"feature-scroll__listitem__text\">En zorlu ortamlarda bile harika bire bir i\u015fitme deneyimi i\u00e7in Ultra Focus&#8217;u etkinle\u015ftirin.<\/div><\/div><\/div><\/div><div class=\"feature-scroll__listitem__contentcontainer\"><div class=\"feature-scroll__item-content\"><div class=\"feature-scroll__item-header\"><h2 class=\"feature-scroll__listitem__headingtext heading\">Evinizden Canl\u0131 yard\u0131m<\/h2><\/div><div class=\"feature-scroll__listitem__content has-icon\"><div class=\"feature-scroll__listitem__text\">ReSound Assist Live video g\u00f6r\u00fc\u015fmeleri ile i\u015fitme cihaz\u0131 uzman\u0131n\u0131zdan yard\u0131m al\u0131n.<\/div><\/div><\/div><\/div>\t\t\t\t\t\t<\/div>\n\t\t\t\t<\/div>\n\t\t            <\/div>\n        <\/div>\n                            <\/div>\n        <\/section>\n        \t\t\t\t\t<\/div>\n\t\t","protected":false},"excerpt":{"rendered":"<p>ReSound ONEBamba\u015fka bir i\u015fitme deneyimi T\u0131pk\u0131 parmak iziniz gibi, i\u015fitmeniz de e\u015fsizdir. Art\u0131k kulak kanal\u0131n\u0131z\u0131n i\u00e7ine yerle\u015ftirilen ek bir mikrofon ile ger\u00e7ek anlamda ki\u015fiselle\u015ftirilmi\u015f, do\u011fal ve daha eksiksiz sesler alg\u0131layabilirsiniz.Biz buna M&amp;RIE diyoruz. Sesi iletmek i\u00e7in kendi kulaklar\u0131n\u0131z\u0131 kullan\u0131r.\u00a0 https:\/\/www.youtube.com\/watch?v=SIsftKT7UWc&#038;t=1s D\u00fcnyay\u0131 kendi kulaklar\u0131n\u0131zla dinleyin\u00a0 M&amp;RIE tasar\u0131m\u0131, en do\u011fal sesimizi vermek i\u00e7in benzersiz kulak \u015feklinizi kullan\u0131r. [&hellip;]<\/p>\n","protected":false},"author":1,"featured_media":0,"parent":9143,"menu_order":0,"comment_status":"closed","ping_status":"closed","template":"","meta":{"footnotes":""},"class_list":["post-9171","page","type-page","status-publish","hentry"],"yoast_head":"<!-- This site is optimized with the Yoast SEO Premium plugin v20.7 (Yoast SEO v26.9) - https:\/\/yoast.com\/product\/yoast-seo-premium-wordpress\/ -->\n<title>ReSound ONE - Odyozone<\/title>\n<meta name=\"robots\" content=\"index, follow, max-snippet:-1, max-image-preview:large, max-video-preview:-1\" \/>\n<link rel=\"canonical\" href=\"https:\/\/www.odyozone.com\/TR\/isitme-cihazlari\/resound-gn\/resound-one\/\" \/>\n<meta property=\"og:locale\" content=\"tr_TR\" \/>\n<meta property=\"og:type\" content=\"article\" \/>\n<meta property=\"og:title\" content=\"ReSound ONE\" \/>\n<meta property=\"og:description\" content=\"ReSound ONEBamba\u015fka bir i\u015fitme deneyimi T\u0131pk\u0131 parmak iziniz gibi, i\u015fitmeniz de e\u015fsizdir. Art\u0131k kulak kanal\u0131n\u0131z\u0131n i\u00e7ine yerle\u015ftirilen ek bir mikrofon ile ger\u00e7ek anlamda ki\u015fiselle\u015ftirilmi\u015f, do\u011fal ve daha eksiksiz sesler alg\u0131layabilirsiniz.Biz buna M&amp;RIE diyoruz. Sesi iletmek i\u00e7in kendi kulaklar\u0131n\u0131z\u0131 kullan\u0131r.\u00a0 https:\/\/www.youtube.com\/watch?v=SIsftKT7UWc&#038;t=1s D\u00fcnyay\u0131 kendi kulaklar\u0131n\u0131zla dinleyin\u00a0 M&amp;RIE tasar\u0131m\u0131, en do\u011fal sesimizi vermek i\u00e7in benzersiz kulak \u015feklinizi kullan\u0131r. [&hellip;]\" \/>\n<meta property=\"og:url\" content=\"https:\/\/www.odyozone.com\/TR\/isitme-cihazlari\/resound-gn\/resound-one\/\" \/>\n<meta property=\"og:site_name\" content=\"Odyozone\" \/>\n<meta property=\"article:modified_time\" content=\"2023-05-27T13:27:25+00:00\" \/>\n<meta property=\"og:image\" content=\"https:\/\/www.odyozone.com\/TR\/wp-content\/uploads\/2023\/05\/resound-features-1024x736.png\" \/>\n<meta name=\"twitter:card\" content=\"summary_large_image\" \/>\n<meta name=\"twitter:label1\" content=\"Tahmini okuma s\u00fcresi\" \/>\n\t<meta name=\"twitter:data1\" content=\"1 dakika\" \/>\n<script type=\"application\/ld+json\" class=\"yoast-schema-graph\">{\"@context\":\"https:\/\/schema.org\",\"@graph\":[{\"@type\":\"WebPage\",\"@id\":\"https:\/\/www.odyozone.com\/TR\/isitme-cihazlari\/resound-gn\/resound-one\/\",\"url\":\"https:\/\/www.odyozone.com\/TR\/isitme-cihazlari\/resound-gn\/resound-one\/\",\"name\":\"ReSound ONE - Odyozone\",\"isPartOf\":{\"@id\":\"https:\/\/www.odyozone.com\/TR\/#website\"},\"primaryImageOfPage\":{\"@id\":\"https:\/\/www.odyozone.com\/TR\/isitme-cihazlari\/resound-gn\/resound-one\/#primaryimage\"},\"image\":{\"@id\":\"https:\/\/www.odyozone.com\/TR\/isitme-cihazlari\/resound-gn\/resound-one\/#primaryimage\"},\"thumbnailUrl\":\"https:\/\/www.odyozone.com\/TR\/wp-content\/uploads\/2023\/05\/resound-features-1024x736.png\",\"datePublished\":\"2023-02-04T10:30:33+00:00\",\"dateModified\":\"2023-05-27T13:27:25+00:00\",\"breadcrumb\":{\"@id\":\"https:\/\/www.odyozone.com\/TR\/isitme-cihazlari\/resound-gn\/resound-one\/#breadcrumb\"},\"inLanguage\":\"tr\",\"potentialAction\":[{\"@type\":\"ReadAction\",\"target\":[\"https:\/\/www.odyozone.com\/TR\/isitme-cihazlari\/resound-gn\/resound-one\/\"]}]},{\"@type\":\"ImageObject\",\"inLanguage\":\"tr\",\"@id\":\"https:\/\/www.odyozone.com\/TR\/isitme-cihazlari\/resound-gn\/resound-one\/#primaryimage\",\"url\":\"https:\/\/www.odyozone.com\/TR\/wp-content\/uploads\/2023\/05\/resound-features.png\",\"contentUrl\":\"https:\/\/www.odyozone.com\/TR\/wp-content\/uploads\/2023\/05\/resound-features.png\",\"width\":1200,\"height\":862},{\"@type\":\"BreadcrumbList\",\"@id\":\"https:\/\/www.odyozone.com\/TR\/isitme-cihazlari\/resound-gn\/resound-one\/#breadcrumb\",\"itemListElement\":[{\"@type\":\"ListItem\",\"position\":1,\"name\":\"Anasayfa\",\"item\":\"https:\/\/www.odyozone.com\/TR\/\"},{\"@type\":\"ListItem\",\"position\":2,\"name\":\"\u0130\u015fitme Cihazlar\u0131\",\"item\":\"https:\/\/www.odyozone.com\/TR\/isitme-cihazlari\/\"},{\"@type\":\"ListItem\",\"position\":3,\"name\":\"RESOUND GN\",\"item\":\"https:\/\/www.odyozone.com\/TR\/isitme-cihazlari\/resound-gn\/\"},{\"@type\":\"ListItem\",\"position\":4,\"name\":\"ReSound ONE\"}]},{\"@type\":\"WebSite\",\"@id\":\"https:\/\/www.odyozone.com\/TR\/#website\",\"url\":\"https:\/\/www.odyozone.com\/TR\/\",\"name\":\"Odyozone \u0130\u015fitme Cihazlar\u0131\",\"description\":\"\u0130\u015fitme Cihazlar\u0131 Ankara\",\"publisher\":{\"@id\":\"https:\/\/www.odyozone.com\/TR\/#organization\"},\"potentialAction\":[{\"@type\":\"SearchAction\",\"target\":{\"@type\":\"EntryPoint\",\"urlTemplate\":\"https:\/\/www.odyozone.com\/TR\/?s={search_term_string}\"},\"query-input\":{\"@type\":\"PropertyValueSpecification\",\"valueRequired\":true,\"valueName\":\"search_term_string\"}}],\"inLanguage\":\"tr\"},{\"@type\":\"Organization\",\"@id\":\"https:\/\/www.odyozone.com\/TR\/#organization\",\"name\":\"Odyozone \u0130\u015fitme Cihazlar\u0131\",\"url\":\"https:\/\/www.odyozone.com\/TR\/\",\"logo\":{\"@type\":\"ImageObject\",\"inLanguage\":\"tr\",\"@id\":\"https:\/\/www.odyozone.com\/TR\/#\/schema\/logo\/image\/\",\"url\":\"https:\/\/www.odyozone.com\/TR\/wp-content\/uploads\/2023\/02\/odyozonelogo.png\",\"contentUrl\":\"https:\/\/www.odyozone.com\/TR\/wp-content\/uploads\/2023\/02\/odyozonelogo.png\",\"width\":3290,\"height\":1679,\"caption\":\"Odyozone \u0130\u015fitme Cihazlar\u0131\"},\"image\":{\"@id\":\"https:\/\/www.odyozone.com\/TR\/#\/schema\/logo\/image\/\"}}]}<\/script>\n<!-- \/ Yoast SEO Premium plugin. -->","yoast_head_json":{"title":"ReSound ONE - Odyozone","robots":{"index":"index","follow":"follow","max-snippet":"max-snippet:-1","max-image-preview":"max-image-preview:large","max-video-preview":"max-video-preview:-1"},"canonical":"https:\/\/www.odyozone.com\/TR\/isitme-cihazlari\/resound-gn\/resound-one\/","og_locale":"tr_TR","og_type":"article","og_title":"ReSound ONE","og_description":"ReSound ONEBamba\u015fka bir i\u015fitme deneyimi T\u0131pk\u0131 parmak iziniz gibi, i\u015fitmeniz de e\u015fsizdir. Art\u0131k kulak kanal\u0131n\u0131z\u0131n i\u00e7ine yerle\u015ftirilen ek bir mikrofon ile ger\u00e7ek anlamda ki\u015fiselle\u015ftirilmi\u015f, do\u011fal ve daha eksiksiz sesler alg\u0131layabilirsiniz.Biz buna M&amp;RIE diyoruz. Sesi iletmek i\u00e7in kendi kulaklar\u0131n\u0131z\u0131 kullan\u0131r.\u00a0 https:\/\/www.youtube.com\/watch?v=SIsftKT7UWc&#038;t=1s D\u00fcnyay\u0131 kendi kulaklar\u0131n\u0131zla dinleyin\u00a0 M&amp;RIE tasar\u0131m\u0131, en do\u011fal sesimizi vermek i\u00e7in benzersiz kulak \u015feklinizi kullan\u0131r. [&hellip;]","og_url":"https:\/\/www.odyozone.com\/TR\/isitme-cihazlari\/resound-gn\/resound-one\/","og_site_name":"Odyozone","article_modified_time":"2023-05-27T13:27:25+00:00","og_image":[{"url":"https:\/\/www.odyozone.com\/TR\/wp-content\/uploads\/2023\/05\/resound-features-1024x736.png","type":"","width":"","height":""}],"twitter_card":"summary_large_image","twitter_misc":{"Tahmini okuma s\u00fcresi":"1 dakika"},"schema":{"@context":"https:\/\/schema.org","@graph":[{"@type":"WebPage","@id":"https:\/\/www.odyozone.com\/TR\/isitme-cihazlari\/resound-gn\/resound-one\/","url":"https:\/\/www.odyozone.com\/TR\/isitme-cihazlari\/resound-gn\/resound-one\/","name":"ReSound ONE - Odyozone","isPartOf":{"@id":"https:\/\/www.odyozone.com\/TR\/#website"},"primaryImageOfPage":{"@id":"https:\/\/www.odyozone.com\/TR\/isitme-cihazlari\/resound-gn\/resound-one\/#primaryimage"},"image":{"@id":"https:\/\/www.odyozone.com\/TR\/isitme-cihazlari\/resound-gn\/resound-one\/#primaryimage"},"thumbnailUrl":"https:\/\/www.odyozone.com\/TR\/wp-content\/uploads\/2023\/05\/resound-features-1024x736.png","datePublished":"2023-02-04T10:30:33+00:00","dateModified":"2023-05-27T13:27:25+00:00","breadcrumb":{"@id":"https:\/\/www.odyozone.com\/TR\/isitme-cihazlari\/resound-gn\/resound-one\/#breadcrumb"},"inLanguage":"tr","potentialAction":[{"@type":"ReadAction","target":["https:\/\/www.odyozone.com\/TR\/isitme-cihazlari\/resound-gn\/resound-one\/"]}]},{"@type":"ImageObject","inLanguage":"tr","@id":"https:\/\/www.odyozone.com\/TR\/isitme-cihazlari\/resound-gn\/resound-one\/#primaryimage","url":"https:\/\/www.odyozone.com\/TR\/wp-content\/uploads\/2023\/05\/resound-features.png","contentUrl":"https:\/\/www.odyozone.com\/TR\/wp-content\/uploads\/2023\/05\/resound-features.png","width":1200,"height":862},{"@type":"BreadcrumbList","@id":"https:\/\/www.odyozone.com\/TR\/isitme-cihazlari\/resound-gn\/resound-one\/#breadcrumb","itemListElement":[{"@type":"ListItem","position":1,"name":"Anasayfa","item":"https:\/\/www.odyozone.com\/TR\/"},{"@type":"ListItem","position":2,"name":"\u0130\u015fitme Cihazlar\u0131","item":"https:\/\/www.odyozone.com\/TR\/isitme-cihazlari\/"},{"@type":"ListItem","position":3,"name":"RESOUND GN","item":"https:\/\/www.odyozone.com\/TR\/isitme-cihazlari\/resound-gn\/"},{"@type":"ListItem","position":4,"name":"ReSound ONE"}]},{"@type":"WebSite","@id":"https:\/\/www.odyozone.com\/TR\/#website","url":"https:\/\/www.odyozone.com\/TR\/","name":"Odyozone \u0130\u015fitme Cihazlar\u0131","description":"\u0130\u015fitme Cihazlar\u0131 Ankara","publisher":{"@id":"https:\/\/www.odyozone.com\/TR\/#organization"},"potentialAction":[{"@type":"SearchAction","target":{"@type":"EntryPoint","urlTemplate":"https:\/\/www.odyozone.com\/TR\/?s={search_term_string}"},"query-input":{"@type":"PropertyValueSpecification","valueRequired":true,"valueName":"search_term_string"}}],"inLanguage":"tr"},{"@type":"Organization","@id":"https:\/\/www.odyozone.com\/TR\/#organization","name":"Odyozone \u0130\u015fitme Cihazlar\u0131","url":"https:\/\/www.odyozone.com\/TR\/","logo":{"@type":"ImageObject","inLanguage":"tr","@id":"https:\/\/www.odyozone.com\/TR\/#\/schema\/logo\/image\/","url":"https:\/\/www.odyozone.com\/TR\/wp-content\/uploads\/2023\/02\/odyozonelogo.png","contentUrl":"https:\/\/www.odyozone.com\/TR\/wp-content\/uploads\/2023\/02\/odyozonelogo.png","width":3290,"height":1679,"caption":"Odyozone \u0130\u015fitme Cihazlar\u0131"},"image":{"@id":"https:\/\/www.odyozone.com\/TR\/#\/schema\/logo\/image\/"}}]}},"_links":{"self":[{"href":"https:\/\/www.odyozone.com\/TR\/wp-json\/wp\/v2\/pages\/9171","targetHints":{"allow":["GET"]}}],"collection":[{"href":"https:\/\/www.odyozone.com\/TR\/wp-json\/wp\/v2\/pages"}],"about":[{"href":"https:\/\/www.odyozone.com\/TR\/wp-json\/wp\/v2\/types\/page"}],"author":[{"embeddable":true,"href":"https:\/\/www.odyozone.com\/TR\/wp-json\/wp\/v2\/users\/1"}],"replies":[{"embeddable":true,"href":"https:\/\/www.odyozone.com\/TR\/wp-json\/wp\/v2\/comments?post=9171"}],"version-history":[{"count":4,"href":"https:\/\/www.odyozone.com\/TR\/wp-json\/wp\/v2\/pages\/9171\/revisions"}],"predecessor-version":[{"id":9509,"href":"https:\/\/www.odyozone.com\/TR\/wp-json\/wp\/v2\/pages\/9171\/revisions\/9509"}],"up":[{"embeddable":true,"href":"https:\/\/www.odyozone.com\/TR\/wp-json\/wp\/v2\/pages\/9143"}],"wp:attachment":[{"href":"https:\/\/www.odyozone.com\/TR\/wp-json\/wp\/v2\/media?parent=9171"}],"curies":[{"name":"wp","href":"https:\/\/api.w.org\/{rel}","templated":true}]}}