{"id":9166,"date":"2023-02-04T13:30:13","date_gmt":"2023-02-04T10:30:13","guid":{"rendered":"https:\/\/www.odyozone.com\/TR\/?page_id=9166"},"modified":"2023-05-27T16:30:22","modified_gmt":"2023-05-27T13:30:22","slug":"resound-key","status":"publish","type":"page","link":"https:\/\/www.odyozone.com\/TR\/isitme-cihazlari\/resound-gn\/resound-key\/","title":{"rendered":"ReSound Key"},"content":{"rendered":"\t\t<div data-elementor-type=\"wp-page\" data-elementor-id=\"9166\" class=\"elementor elementor-9166\">\n\t\t\t\t\t\t\t        <section class=\"elementor-section elementor-top-section elementor-element elementor-element-2fe02cc elementor-section-boxed elementor-section-height-default elementor-section-height-default ct-header-fixed-none ct-column-none ct-row-scroll-none ct-row-gradient--none\" data-id=\"2fe02cc\" data-element_type=\"section\">\n            \n                        <div class=\"elementor-container elementor-column-gap-default \">\n                    <div class=\"elementor-column elementor-col-50 elementor-top-column elementor-element elementor-element-19ad4ad ct-column-none col-offset-none col-color-offset-none\" data-id=\"19ad4ad\" data-element_type=\"column\">\n            <div class=\"elementor-widget-wrap elementor-element-populated\">\n                        \t\t<div class=\"elementor-element elementor-element-93cc7a1 elementor-widget elementor-widget-text-editor\" data-id=\"93cc7a1\" data-element_type=\"widget\" data-widget_type=\"text-editor.default\">\n\t\t\t\t<div class=\"elementor-widget-container\">\n\t\t\t<style>\/*! elementor - v3.13.3 - 28-05-2023 *\/\n.elementor-widget-text-editor.elementor-drop-cap-view-stacked .elementor-drop-cap{background-color:#69727d;color:#fff}.elementor-widget-text-editor.elementor-drop-cap-view-framed .elementor-drop-cap{color:#69727d;border:3px solid;background-color:transparent}.elementor-widget-text-editor:not(.elementor-drop-cap-view-default) .elementor-drop-cap{margin-top:8px}.elementor-widget-text-editor:not(.elementor-drop-cap-view-default) .elementor-drop-cap-letter{width:1em;height:1em}.elementor-widget-text-editor .elementor-drop-cap{float:left;text-align:center;line-height:1;font-size:50px}.elementor-widget-text-editor .elementor-drop-cap-letter{display:inline-block}<\/style>\t\t\t\t<header><div class=\"h3\" role=\"heading\" aria-level=\"2\">ReSound Key<\/div><div class=\"h2\" role=\"heading\" aria-level=\"1\">M\u00fckemmel i\u015fitmeye ho\u015f geldiniz<\/div><\/header><main class=\"content-deck__section-body\"><div class=\"richtext-content\">\u0130\u015fitme konusundaki yeni vazge\u00e7ilmezlerinizle tan\u0131\u015f\u0131n.<\/div><\/main>\t\t\t\t\t\t<\/div>\n\t\t\t\t<\/div>\n\t\t            <\/div>\n        <\/div>\n                <div class=\"elementor-column elementor-col-50 elementor-top-column elementor-element elementor-element-96659af ct-column-none col-offset-none col-color-offset-none\" data-id=\"96659af\" data-element_type=\"column\">\n            <div class=\"elementor-widget-wrap elementor-element-populated\">\n                        \t\t<div class=\"elementor-element elementor-element-c9c23c9 elementor-widget elementor-widget-image\" data-id=\"c9c23c9\" data-element_type=\"widget\" data-widget_type=\"image.default\">\n\t\t\t\t<div class=\"elementor-widget-container\">\n\t\t\t<style>\/*! elementor - v3.13.3 - 28-05-2023 *\/\n.elementor-widget-image{text-align:center}.elementor-widget-image a{display:inline-block}.elementor-widget-image a img[src$=\".svg\"]{width:48px}.elementor-widget-image img{vertical-align:middle;display:inline-block}<\/style>\t\t\t\t\t\t\t\t\t\t\t\t<img decoding=\"async\" width=\"640\" height=\"491\" src=\"https:\/\/www.odyozone.com\/TR\/wp-content\/uploads\/2023\/05\/key-hero-v2-1024x786.jpg\" class=\"attachment-large size-large wp-image-9510\" alt=\"\" srcset=\"https:\/\/www.odyozone.com\/TR\/wp-content\/uploads\/2023\/05\/key-hero-v2-1024x786.jpg 1024w, https:\/\/www.odyozone.com\/TR\/wp-content\/uploads\/2023\/05\/key-hero-v2-300x230.jpg 300w, https:\/\/www.odyozone.com\/TR\/wp-content\/uploads\/2023\/05\/key-hero-v2-768x590.jpg 768w, https:\/\/www.odyozone.com\/TR\/wp-content\/uploads\/2023\/05\/key-hero-v2.jpg 1280w\" sizes=\"(max-width: 640px) 100vw, 640px\" \/>\t\t\t\t\t\t\t\t\t\t\t\t\t\t\t<\/div>\n\t\t\t\t<\/div>\n\t\t            <\/div>\n        <\/div>\n                            <\/div>\n        <\/section>\n                <section class=\"elementor-section elementor-top-section elementor-element elementor-element-fd16378 elementor-section-boxed elementor-section-height-default elementor-section-height-default ct-header-fixed-none ct-column-none ct-row-scroll-none ct-row-gradient--none\" data-id=\"fd16378\" data-element_type=\"section\">\n            \n                        <div class=\"elementor-container elementor-column-gap-default \">\n                    <div class=\"elementor-column elementor-col-50 elementor-top-column elementor-element elementor-element-b040ff7 ct-column-none col-offset-none col-color-offset-none\" data-id=\"b040ff7\" data-element_type=\"column\">\n            <div class=\"elementor-widget-wrap elementor-element-populated\">\n                        \t\t<div class=\"elementor-element elementor-element-5d9918a elementor-widget elementor-widget-image\" data-id=\"5d9918a\" data-element_type=\"widget\" data-widget_type=\"image.default\">\n\t\t\t\t<div class=\"elementor-widget-container\">\n\t\t\t\t\t\t\t\t\t\t\t\t\t\t\t<img decoding=\"async\" width=\"640\" height=\"969\" src=\"https:\/\/www.odyozone.com\/TR\/wp-content\/uploads\/2023\/05\/key-intro-676x1024.jpg\" class=\"attachment-large size-large wp-image-9511\" alt=\"\" srcset=\"https:\/\/www.odyozone.com\/TR\/wp-content\/uploads\/2023\/05\/key-intro-676x1024.jpg 676w, https:\/\/www.odyozone.com\/TR\/wp-content\/uploads\/2023\/05\/key-intro-198x300.jpg 198w, https:\/\/www.odyozone.com\/TR\/wp-content\/uploads\/2023\/05\/key-intro-768x1164.jpg 768w, https:\/\/www.odyozone.com\/TR\/wp-content\/uploads\/2023\/05\/key-intro-1013x1536.jpg 1013w, https:\/\/www.odyozone.com\/TR\/wp-content\/uploads\/2023\/05\/key-intro.jpg 1280w\" sizes=\"(max-width: 640px) 100vw, 640px\" \/>\t\t\t\t\t\t\t\t\t\t\t\t\t\t\t<\/div>\n\t\t\t\t<\/div>\n\t\t            <\/div>\n        <\/div>\n                <div class=\"elementor-column elementor-col-50 elementor-top-column elementor-element elementor-element-54d15b6 ct-column-none col-offset-none col-color-offset-none\" data-id=\"54d15b6\" data-element_type=\"column\">\n            <div class=\"elementor-widget-wrap elementor-element-populated\">\n                        \t\t<div class=\"elementor-element elementor-element-61987ee elementor-widget elementor-widget-text-editor\" data-id=\"61987ee\" data-element_type=\"widget\" data-widget_type=\"text-editor.default\">\n\t\t\t\t<div class=\"elementor-widget-container\">\n\t\t\t\t\t\t\t<header><div class=\"h3\" role=\"heading\" aria-level=\"2\">ReSound Key&#8217;e Ho\u015f Geldiniz<\/div><div class=\"h2\" role=\"heading\" aria-level=\"1\">G\u00fcvenle dinleyin<\/div><\/header><main class=\"content-deck__section-body\"><div class=\"richtext-content\"><p>\u0130\u015fitmemiz, bizi d\u00fcnyaya ve birbirimize ba\u011flamak a\u00e7\u0131s\u0131ndan hayati \u00f6nem ta\u015f\u0131r. Duygular\u0131n\u0131z\u0131 hayat\u0131n sesleriyle yeniden zenginle\u015ftirin \u2013 daha iyi i\u015fitmeye giden yolunuzu m\u00fcmk\u00fcn oldu\u011funca kolayla\u015ft\u0131rd\u0131k.<\/p><p>M\u00fckemmel bir i\u015fitme i\u00e7in kendi kulaklar\u0131n\u0131zla rahat ve g\u00fcvenilir \u015fekilde \u00e7al\u0131\u015fmak \u00fczere tasarlanm\u0131\u015f ReSound Key\u2122 i\u015fitme cihaz\u0131n\u0131 sunuyoruz. Deneyimlerinizle b\u00fcy\u00fcmeniz ve her g\u00fcn en iyisini duyman\u0131z i\u00e7in size g\u00fcven ve rehberlik sa\u011flar.<\/p><\/div><\/main>\t\t\t\t\t\t<\/div>\n\t\t\t\t<\/div>\n\t\t\t\t<div class=\"elementor-element elementor-element-a4f5289 elementor-widget elementor-widget-text-editor\" data-id=\"a4f5289\" data-element_type=\"widget\" data-widget_type=\"text-editor.default\">\n\t\t\t\t<div class=\"elementor-widget-container\">\n\t\t\t\t\t\t\t<p><strong>Avantajlar\u0131n\u0131z:<\/strong><\/p><p>Sesi daha az \u00e7abayla net olarak duyun<\/p><p>Sizin i\u00e7in m\u00fckemmel bir i\u015fitme cihaz\u0131 tasar\u0131m\u0131<\/p><p>Tek \u015farjda 30 saate kadar kolay \u015farj edilebilirlik<\/p><p>Uyumlu cihazlardan do\u011frudan ses aktar\u0131m\u0131<\/p><p>Deneyimlerinizi ki\u015fiselle\u015ftirmek i\u00e7in tek bir kolay uygulama<\/p>\t\t\t\t\t\t<\/div>\n\t\t\t\t<\/div>\n\t\t            <\/div>\n        <\/div>\n                            <\/div>\n        <\/section>\n                <section class=\"elementor-section elementor-top-section elementor-element elementor-element-aeecb53 elementor-section-boxed elementor-section-height-default elementor-section-height-default ct-header-fixed-none ct-column-none ct-row-scroll-none ct-row-gradient--none\" data-id=\"aeecb53\" data-element_type=\"section\">\n            \n                        <div class=\"elementor-container elementor-column-gap-default \">\n                    <div class=\"elementor-column elementor-col-50 elementor-top-column elementor-element elementor-element-8548db1 ct-column-none col-offset-none col-color-offset-none\" data-id=\"8548db1\" data-element_type=\"column\">\n            <div class=\"elementor-widget-wrap elementor-element-populated\">\n                        \t\t<div class=\"elementor-element elementor-element-4e2a7e7 elementor-widget elementor-widget-text-editor\" data-id=\"4e2a7e7\" data-element_type=\"widget\" data-widget_type=\"text-editor.default\">\n\t\t\t\t<div class=\"elementor-widget-container\">\n\t\t\t\t\t\t\t<header><div class=\"h3\" role=\"heading\" aria-level=\"2\">G\u00fcvenle ileti\u015fim kurun<\/div><div class=\"h2\" role=\"heading\" aria-level=\"1\">Seslere do\u011fal yakla\u015f\u0131m\u0131m\u0131z<\/div><\/header><main class=\"content-deck__section-body\"><div class=\"richtext-content\"><p>T\u00fcm i\u015fitme \u00e7\u00f6z\u00fcmlerimiz, \u00e7evremizdeki d\u00fcnyay\u0131 nas\u0131l do\u011fal olarak duydu\u011fumuzdan ve onlarla nas\u0131l etkile\u015fime girdi\u011fimizden esinlenir. Bu nedenle t\u00fcm ReSound i\u015fitme cihazlar\u0131, do\u011fal i\u015fitme deneyimini olabildi\u011fince yak\u0131n sim\u00fcle eden benzersiz Organik \u0130\u015fitme felsefemiz \u00fczerine kurulmu\u015ftur.<\/p><h2>Ger\u00e7ek anlamda netlik<\/h2><p>ReSound Key&#8217;in berrak ses kalitesi ile sohbetlere tam olarak kat\u0131l\u0131n. Kolayca konu\u015fabilece\u011finizi ve duyabilece\u011finizi bilmek \u00f6zg\u00fcveninizi art\u0131r\u0131r.<\/p><\/div><\/main>\t\t\t\t\t\t<\/div>\n\t\t\t\t<\/div>\n\t\t            <\/div>\n        <\/div>\n                <div class=\"elementor-column elementor-col-50 elementor-top-column elementor-element elementor-element-2e3dacb ct-column-none col-offset-none col-color-offset-none\" data-id=\"2e3dacb\" data-element_type=\"column\">\n            <div class=\"elementor-widget-wrap elementor-element-populated\">\n                        \t\t<div class=\"elementor-element elementor-element-69e8095 elementor-widget elementor-widget-image\" data-id=\"69e8095\" data-element_type=\"widget\" data-widget_type=\"image.default\">\n\t\t\t\t<div class=\"elementor-widget-container\">\n\t\t\t\t\t\t\t\t\t\t\t\t\t\t\t<img decoding=\"async\" width=\"613\" height=\"1024\" src=\"https:\/\/www.odyozone.com\/TR\/wp-content\/uploads\/2023\/05\/key-sound-clearly-613x1024.jpg\" class=\"attachment-large size-large wp-image-9512\" alt=\"\" srcset=\"https:\/\/www.odyozone.com\/TR\/wp-content\/uploads\/2023\/05\/key-sound-clearly-613x1024.jpg 613w, https:\/\/www.odyozone.com\/TR\/wp-content\/uploads\/2023\/05\/key-sound-clearly-180x300.jpg 180w, https:\/\/www.odyozone.com\/TR\/wp-content\/uploads\/2023\/05\/key-sound-clearly-768x1283.jpg 768w, https:\/\/www.odyozone.com\/TR\/wp-content\/uploads\/2023\/05\/key-sound-clearly-920x1536.jpg 920w, https:\/\/www.odyozone.com\/TR\/wp-content\/uploads\/2023\/05\/key-sound-clearly-1226x2048.jpg 1226w, https:\/\/www.odyozone.com\/TR\/wp-content\/uploads\/2023\/05\/key-sound-clearly.jpg 1280w\" sizes=\"(max-width: 613px) 100vw, 613px\" \/>\t\t\t\t\t\t\t\t\t\t\t\t\t\t\t<\/div>\n\t\t\t\t<\/div>\n\t\t            <\/div>\n        <\/div>\n                            <\/div>\n        <\/section>\n        \t\t\t\t\t<\/div>\n\t\t","protected":false},"excerpt":{"rendered":"<p>ReSound KeyM\u00fckemmel i\u015fitmeye ho\u015f geldiniz \u0130\u015fitme konusundaki yeni vazge\u00e7ilmezlerinizle tan\u0131\u015f\u0131n. ReSound Key&#8217;e Ho\u015f GeldinizG\u00fcvenle dinleyin \u0130\u015fitmemiz, bizi d\u00fcnyaya ve birbirimize ba\u011flamak a\u00e7\u0131s\u0131ndan hayati \u00f6nem ta\u015f\u0131r. Duygular\u0131n\u0131z\u0131 hayat\u0131n sesleriyle yeniden zenginle\u015ftirin \u2013 daha iyi i\u015fitmeye giden yolunuzu m\u00fcmk\u00fcn oldu\u011funca kolayla\u015ft\u0131rd\u0131k. M\u00fckemmel bir i\u015fitme i\u00e7in kendi kulaklar\u0131n\u0131zla rahat ve g\u00fcvenilir \u015fekilde \u00e7al\u0131\u015fmak \u00fczere tasarlanm\u0131\u015f ReSound Key\u2122 i\u015fitme [&hellip;]<\/p>\n","protected":false},"author":1,"featured_media":0,"parent":9143,"menu_order":0,"comment_status":"closed","ping_status":"closed","template":"","meta":{"footnotes":""},"class_list":["post-9166","page","type-page","status-publish","hentry"],"yoast_head":"<!-- This site is optimized with the Yoast SEO Premium plugin v20.7 (Yoast SEO v26.9) - https:\/\/yoast.com\/product\/yoast-seo-premium-wordpress\/ -->\n<title>ReSound Key - Odyozone<\/title>\n<meta name=\"robots\" content=\"index, follow, max-snippet:-1, max-image-preview:large, max-video-preview:-1\" \/>\n<link rel=\"canonical\" href=\"https:\/\/www.odyozone.com\/TR\/isitme-cihazlari\/resound-gn\/resound-key\/\" \/>\n<meta property=\"og:locale\" content=\"tr_TR\" \/>\n<meta property=\"og:type\" content=\"article\" \/>\n<meta property=\"og:title\" content=\"ReSound Key\" \/>\n<meta property=\"og:description\" content=\"ReSound KeyM\u00fckemmel i\u015fitmeye ho\u015f geldiniz \u0130\u015fitme konusundaki yeni vazge\u00e7ilmezlerinizle tan\u0131\u015f\u0131n. ReSound Key&#8217;e Ho\u015f GeldinizG\u00fcvenle dinleyin \u0130\u015fitmemiz, bizi d\u00fcnyaya ve birbirimize ba\u011flamak a\u00e7\u0131s\u0131ndan hayati \u00f6nem ta\u015f\u0131r. Duygular\u0131n\u0131z\u0131 hayat\u0131n sesleriyle yeniden zenginle\u015ftirin \u2013 daha iyi i\u015fitmeye giden yolunuzu m\u00fcmk\u00fcn oldu\u011funca kolayla\u015ft\u0131rd\u0131k. M\u00fckemmel bir i\u015fitme i\u00e7in kendi kulaklar\u0131n\u0131zla rahat ve g\u00fcvenilir \u015fekilde \u00e7al\u0131\u015fmak \u00fczere tasarlanm\u0131\u015f ReSound Key\u2122 i\u015fitme [&hellip;]\" \/>\n<meta property=\"og:url\" content=\"https:\/\/www.odyozone.com\/TR\/isitme-cihazlari\/resound-gn\/resound-key\/\" \/>\n<meta property=\"og:site_name\" content=\"Odyozone\" \/>\n<meta property=\"article:modified_time\" content=\"2023-05-27T13:30:22+00:00\" \/>\n<meta property=\"og:image\" content=\"https:\/\/www.odyozone.com\/TR\/wp-content\/uploads\/2023\/05\/key-hero-v2-1024x786.jpg\" \/>\n<meta name=\"twitter:card\" content=\"summary_large_image\" \/>\n<meta name=\"twitter:label1\" content=\"Tahmini okuma s\u00fcresi\" \/>\n\t<meta name=\"twitter:data1\" content=\"1 dakika\" \/>\n<script type=\"application\/ld+json\" class=\"yoast-schema-graph\">{\"@context\":\"https:\/\/schema.org\",\"@graph\":[{\"@type\":\"WebPage\",\"@id\":\"https:\/\/www.odyozone.com\/TR\/isitme-cihazlari\/resound-gn\/resound-key\/\",\"url\":\"https:\/\/www.odyozone.com\/TR\/isitme-cihazlari\/resound-gn\/resound-key\/\",\"name\":\"ReSound Key - Odyozone\",\"isPartOf\":{\"@id\":\"https:\/\/www.odyozone.com\/TR\/#website\"},\"primaryImageOfPage\":{\"@id\":\"https:\/\/www.odyozone.com\/TR\/isitme-cihazlari\/resound-gn\/resound-key\/#primaryimage\"},\"image\":{\"@id\":\"https:\/\/www.odyozone.com\/TR\/isitme-cihazlari\/resound-gn\/resound-key\/#primaryimage\"},\"thumbnailUrl\":\"https:\/\/www.odyozone.com\/TR\/wp-content\/uploads\/2023\/05\/key-hero-v2-1024x786.jpg\",\"datePublished\":\"2023-02-04T10:30:13+00:00\",\"dateModified\":\"2023-05-27T13:30:22+00:00\",\"breadcrumb\":{\"@id\":\"https:\/\/www.odyozone.com\/TR\/isitme-cihazlari\/resound-gn\/resound-key\/#breadcrumb\"},\"inLanguage\":\"tr\",\"potentialAction\":[{\"@type\":\"ReadAction\",\"target\":[\"https:\/\/www.odyozone.com\/TR\/isitme-cihazlari\/resound-gn\/resound-key\/\"]}]},{\"@type\":\"ImageObject\",\"inLanguage\":\"tr\",\"@id\":\"https:\/\/www.odyozone.com\/TR\/isitme-cihazlari\/resound-gn\/resound-key\/#primaryimage\",\"url\":\"https:\/\/www.odyozone.com\/TR\/wp-content\/uploads\/2023\/05\/key-hero-v2.jpg\",\"contentUrl\":\"https:\/\/www.odyozone.com\/TR\/wp-content\/uploads\/2023\/05\/key-hero-v2.jpg\",\"width\":1280,\"height\":983},{\"@type\":\"BreadcrumbList\",\"@id\":\"https:\/\/www.odyozone.com\/TR\/isitme-cihazlari\/resound-gn\/resound-key\/#breadcrumb\",\"itemListElement\":[{\"@type\":\"ListItem\",\"position\":1,\"name\":\"Anasayfa\",\"item\":\"https:\/\/www.odyozone.com\/TR\/\"},{\"@type\":\"ListItem\",\"position\":2,\"name\":\"\u0130\u015fitme Cihazlar\u0131\",\"item\":\"https:\/\/www.odyozone.com\/TR\/isitme-cihazlari\/\"},{\"@type\":\"ListItem\",\"position\":3,\"name\":\"RESOUND GN\",\"item\":\"https:\/\/www.odyozone.com\/TR\/isitme-cihazlari\/resound-gn\/\"},{\"@type\":\"ListItem\",\"position\":4,\"name\":\"ReSound Key\"}]},{\"@type\":\"WebSite\",\"@id\":\"https:\/\/www.odyozone.com\/TR\/#website\",\"url\":\"https:\/\/www.odyozone.com\/TR\/\",\"name\":\"Odyozone \u0130\u015fitme Cihazlar\u0131\",\"description\":\"\u0130\u015fitme Cihazlar\u0131 Ankara\",\"publisher\":{\"@id\":\"https:\/\/www.odyozone.com\/TR\/#organization\"},\"potentialAction\":[{\"@type\":\"SearchAction\",\"target\":{\"@type\":\"EntryPoint\",\"urlTemplate\":\"https:\/\/www.odyozone.com\/TR\/?s={search_term_string}\"},\"query-input\":{\"@type\":\"PropertyValueSpecification\",\"valueRequired\":true,\"valueName\":\"search_term_string\"}}],\"inLanguage\":\"tr\"},{\"@type\":\"Organization\",\"@id\":\"https:\/\/www.odyozone.com\/TR\/#organization\",\"name\":\"Odyozone \u0130\u015fitme Cihazlar\u0131\",\"url\":\"https:\/\/www.odyozone.com\/TR\/\",\"logo\":{\"@type\":\"ImageObject\",\"inLanguage\":\"tr\",\"@id\":\"https:\/\/www.odyozone.com\/TR\/#\/schema\/logo\/image\/\",\"url\":\"https:\/\/www.odyozone.com\/TR\/wp-content\/uploads\/2023\/02\/odyozonelogo.png\",\"contentUrl\":\"https:\/\/www.odyozone.com\/TR\/wp-content\/uploads\/2023\/02\/odyozonelogo.png\",\"width\":3290,\"height\":1679,\"caption\":\"Odyozone \u0130\u015fitme Cihazlar\u0131\"},\"image\":{\"@id\":\"https:\/\/www.odyozone.com\/TR\/#\/schema\/logo\/image\/\"}}]}<\/script>\n<!-- \/ Yoast SEO Premium plugin. -->","yoast_head_json":{"title":"ReSound Key - Odyozone","robots":{"index":"index","follow":"follow","max-snippet":"max-snippet:-1","max-image-preview":"max-image-preview:large","max-video-preview":"max-video-preview:-1"},"canonical":"https:\/\/www.odyozone.com\/TR\/isitme-cihazlari\/resound-gn\/resound-key\/","og_locale":"tr_TR","og_type":"article","og_title":"ReSound Key","og_description":"ReSound KeyM\u00fckemmel i\u015fitmeye ho\u015f geldiniz \u0130\u015fitme konusundaki yeni vazge\u00e7ilmezlerinizle tan\u0131\u015f\u0131n. ReSound Key&#8217;e Ho\u015f GeldinizG\u00fcvenle dinleyin \u0130\u015fitmemiz, bizi d\u00fcnyaya ve birbirimize ba\u011flamak a\u00e7\u0131s\u0131ndan hayati \u00f6nem ta\u015f\u0131r. Duygular\u0131n\u0131z\u0131 hayat\u0131n sesleriyle yeniden zenginle\u015ftirin \u2013 daha iyi i\u015fitmeye giden yolunuzu m\u00fcmk\u00fcn oldu\u011funca kolayla\u015ft\u0131rd\u0131k. M\u00fckemmel bir i\u015fitme i\u00e7in kendi kulaklar\u0131n\u0131zla rahat ve g\u00fcvenilir \u015fekilde \u00e7al\u0131\u015fmak \u00fczere tasarlanm\u0131\u015f ReSound Key\u2122 i\u015fitme [&hellip;]","og_url":"https:\/\/www.odyozone.com\/TR\/isitme-cihazlari\/resound-gn\/resound-key\/","og_site_name":"Odyozone","article_modified_time":"2023-05-27T13:30:22+00:00","og_image":[{"url":"https:\/\/www.odyozone.com\/TR\/wp-content\/uploads\/2023\/05\/key-hero-v2-1024x786.jpg","type":"","width":"","height":""}],"twitter_card":"summary_large_image","twitter_misc":{"Tahmini okuma s\u00fcresi":"1 dakika"},"schema":{"@context":"https:\/\/schema.org","@graph":[{"@type":"WebPage","@id":"https:\/\/www.odyozone.com\/TR\/isitme-cihazlari\/resound-gn\/resound-key\/","url":"https:\/\/www.odyozone.com\/TR\/isitme-cihazlari\/resound-gn\/resound-key\/","name":"ReSound Key - Odyozone","isPartOf":{"@id":"https:\/\/www.odyozone.com\/TR\/#website"},"primaryImageOfPage":{"@id":"https:\/\/www.odyozone.com\/TR\/isitme-cihazlari\/resound-gn\/resound-key\/#primaryimage"},"image":{"@id":"https:\/\/www.odyozone.com\/TR\/isitme-cihazlari\/resound-gn\/resound-key\/#primaryimage"},"thumbnailUrl":"https:\/\/www.odyozone.com\/TR\/wp-content\/uploads\/2023\/05\/key-hero-v2-1024x786.jpg","datePublished":"2023-02-04T10:30:13+00:00","dateModified":"2023-05-27T13:30:22+00:00","breadcrumb":{"@id":"https:\/\/www.odyozone.com\/TR\/isitme-cihazlari\/resound-gn\/resound-key\/#breadcrumb"},"inLanguage":"tr","potentialAction":[{"@type":"ReadAction","target":["https:\/\/www.odyozone.com\/TR\/isitme-cihazlari\/resound-gn\/resound-key\/"]}]},{"@type":"ImageObject","inLanguage":"tr","@id":"https:\/\/www.odyozone.com\/TR\/isitme-cihazlari\/resound-gn\/resound-key\/#primaryimage","url":"https:\/\/www.odyozone.com\/TR\/wp-content\/uploads\/2023\/05\/key-hero-v2.jpg","contentUrl":"https:\/\/www.odyozone.com\/TR\/wp-content\/uploads\/2023\/05\/key-hero-v2.jpg","width":1280,"height":983},{"@type":"BreadcrumbList","@id":"https:\/\/www.odyozone.com\/TR\/isitme-cihazlari\/resound-gn\/resound-key\/#breadcrumb","itemListElement":[{"@type":"ListItem","position":1,"name":"Anasayfa","item":"https:\/\/www.odyozone.com\/TR\/"},{"@type":"ListItem","position":2,"name":"\u0130\u015fitme Cihazlar\u0131","item":"https:\/\/www.odyozone.com\/TR\/isitme-cihazlari\/"},{"@type":"ListItem","position":3,"name":"RESOUND GN","item":"https:\/\/www.odyozone.com\/TR\/isitme-cihazlari\/resound-gn\/"},{"@type":"ListItem","position":4,"name":"ReSound Key"}]},{"@type":"WebSite","@id":"https:\/\/www.odyozone.com\/TR\/#website","url":"https:\/\/www.odyozone.com\/TR\/","name":"Odyozone \u0130\u015fitme Cihazlar\u0131","description":"\u0130\u015fitme Cihazlar\u0131 Ankara","publisher":{"@id":"https:\/\/www.odyozone.com\/TR\/#organization"},"potentialAction":[{"@type":"SearchAction","target":{"@type":"EntryPoint","urlTemplate":"https:\/\/www.odyozone.com\/TR\/?s={search_term_string}"},"query-input":{"@type":"PropertyValueSpecification","valueRequired":true,"valueName":"search_term_string"}}],"inLanguage":"tr"},{"@type":"Organization","@id":"https:\/\/www.odyozone.com\/TR\/#organization","name":"Odyozone \u0130\u015fitme Cihazlar\u0131","url":"https:\/\/www.odyozone.com\/TR\/","logo":{"@type":"ImageObject","inLanguage":"tr","@id":"https:\/\/www.odyozone.com\/TR\/#\/schema\/logo\/image\/","url":"https:\/\/www.odyozone.com\/TR\/wp-content\/uploads\/2023\/02\/odyozonelogo.png","contentUrl":"https:\/\/www.odyozone.com\/TR\/wp-content\/uploads\/2023\/02\/odyozonelogo.png","width":3290,"height":1679,"caption":"Odyozone \u0130\u015fitme Cihazlar\u0131"},"image":{"@id":"https:\/\/www.odyozone.com\/TR\/#\/schema\/logo\/image\/"}}]}},"_links":{"self":[{"href":"https:\/\/www.odyozone.com\/TR\/wp-json\/wp\/v2\/pages\/9166","targetHints":{"allow":["GET"]}}],"collection":[{"href":"https:\/\/www.odyozone.com\/TR\/wp-json\/wp\/v2\/pages"}],"about":[{"href":"https:\/\/www.odyozone.com\/TR\/wp-json\/wp\/v2\/types\/page"}],"author":[{"embeddable":true,"href":"https:\/\/www.odyozone.com\/TR\/wp-json\/wp\/v2\/users\/1"}],"replies":[{"embeddable":true,"href":"https:\/\/www.odyozone.com\/TR\/wp-json\/wp\/v2\/comments?post=9166"}],"version-history":[{"count":4,"href":"https:\/\/www.odyozone.com\/TR\/wp-json\/wp\/v2\/pages\/9166\/revisions"}],"predecessor-version":[{"id":9515,"href":"https:\/\/www.odyozone.com\/TR\/wp-json\/wp\/v2\/pages\/9166\/revisions\/9515"}],"up":[{"embeddable":true,"href":"https:\/\/www.odyozone.com\/TR\/wp-json\/wp\/v2\/pages\/9143"}],"wp:attachment":[{"href":"https:\/\/www.odyozone.com\/TR\/wp-json\/wp\/v2\/media?parent=9166"}],"curies":[{"name":"wp","href":"https:\/\/api.w.org\/{rel}","templated":true}]}}