{"id":9147,"date":"2023-02-04T13:28:39","date_gmt":"2023-02-04T10:28:39","guid":{"rendered":"https:\/\/www.odyozone.com\/TR\/?page_id=9147"},"modified":"2023-02-04T13:28:39","modified_gmt":"2023-02-04T10:28:39","slug":"diger","status":"publish","type":"page","link":"https:\/\/www.odyozone.com\/TR\/isitme-cihazlari\/diger\/","title":{"rendered":"D\u0130\u011eER"},"content":{"rendered":"","protected":false},"excerpt":{"rendered":"","protected":false},"author":1,"featured_media":0,"parent":9030,"menu_order":0,"comment_status":"closed","ping_status":"closed","template":"","meta":{"footnotes":""},"class_list":["post-9147","page","type-page","status-publish","hentry"],"yoast_head":"<!-- This site is optimized with the Yoast SEO Premium plugin v20.7 (Yoast SEO v26.9) - https:\/\/yoast.com\/product\/yoast-seo-premium-wordpress\/ -->\n<title>D\u0130\u011eER - Odyozone<\/title>\n<meta name=\"robots\" content=\"index, follow, max-snippet:-1, max-image-preview:large, max-video-preview:-1\" \/>\n<link rel=\"canonical\" href=\"https:\/\/www.odyozone.com\/TR\/isitme-cihazlari\/diger\/\" \/>\n<meta property=\"og:locale\" content=\"tr_TR\" \/>\n<meta property=\"og:type\" content=\"article\" \/>\n<meta property=\"og:title\" content=\"D\u0130\u011eER\" \/>\n<meta property=\"og:url\" content=\"https:\/\/www.odyozone.com\/TR\/isitme-cihazlari\/diger\/\" \/>\n<meta property=\"og:site_name\" content=\"Odyozone\" \/>\n<meta name=\"twitter:card\" content=\"summary_large_image\" \/>\n<script type=\"application\/ld+json\" class=\"yoast-schema-graph\">{\"@context\":\"https:\/\/schema.org\",\"@graph\":[{\"@type\":\"WebPage\",\"@id\":\"https:\/\/www.odyozone.com\/TR\/isitme-cihazlari\/diger\/\",\"url\":\"https:\/\/www.odyozone.com\/TR\/isitme-cihazlari\/diger\/\",\"name\":\"D\u0130\u011eER - Odyozone\",\"isPartOf\":{\"@id\":\"https:\/\/www.odyozone.com\/TR\/#website\"},\"datePublished\":\"2023-02-04T10:28:39+00:00\",\"breadcrumb\":{\"@id\":\"https:\/\/www.odyozone.com\/TR\/isitme-cihazlari\/diger\/#breadcrumb\"},\"inLanguage\":\"tr\",\"potentialAction\":[{\"@type\":\"ReadAction\",\"target\":[\"https:\/\/www.odyozone.com\/TR\/isitme-cihazlari\/diger\/\"]}]},{\"@type\":\"BreadcrumbList\",\"@id\":\"https:\/\/www.odyozone.com\/TR\/isitme-cihazlari\/diger\/#breadcrumb\",\"itemListElement\":[{\"@type\":\"ListItem\",\"position\":1,\"name\":\"Anasayfa\",\"item\":\"https:\/\/www.odyozone.com\/TR\/\"},{\"@type\":\"ListItem\",\"position\":2,\"name\":\"\u0130\u015fitme Cihazlar\u0131\",\"item\":\"https:\/\/www.odyozone.com\/TR\/isitme-cihazlari\/\"},{\"@type\":\"ListItem\",\"position\":3,\"name\":\"D\u0130\u011eER\"}]},{\"@type\":\"WebSite\",\"@id\":\"https:\/\/www.odyozone.com\/TR\/#website\",\"url\":\"https:\/\/www.odyozone.com\/TR\/\",\"name\":\"Odyozone \u0130\u015fitme Cihazlar\u0131\",\"description\":\"\u0130\u015fitme Cihazlar\u0131 Ankara\",\"publisher\":{\"@id\":\"https:\/\/www.odyozone.com\/TR\/#organization\"},\"potentialAction\":[{\"@type\":\"SearchAction\",\"target\":{\"@type\":\"EntryPoint\",\"urlTemplate\":\"https:\/\/www.odyozone.com\/TR\/?s={search_term_string}\"},\"query-input\":{\"@type\":\"PropertyValueSpecification\",\"valueRequired\":true,\"valueName\":\"search_term_string\"}}],\"inLanguage\":\"tr\"},{\"@type\":\"Organization\",\"@id\":\"https:\/\/www.odyozone.com\/TR\/#organization\",\"name\":\"Odyozone \u0130\u015fitme Cihazlar\u0131\",\"url\":\"https:\/\/www.odyozone.com\/TR\/\",\"logo\":{\"@type\":\"ImageObject\",\"inLanguage\":\"tr\",\"@id\":\"https:\/\/www.odyozone.com\/TR\/#\/schema\/logo\/image\/\",\"url\":\"https:\/\/www.odyozone.com\/TR\/wp-content\/uploads\/2023\/02\/odyozonelogo.png\",\"contentUrl\":\"https:\/\/www.odyozone.com\/TR\/wp-content\/uploads\/2023\/02\/odyozonelogo.png\",\"width\":3290,\"height\":1679,\"caption\":\"Odyozone \u0130\u015fitme Cihazlar\u0131\"},\"image\":{\"@id\":\"https:\/\/www.odyozone.com\/TR\/#\/schema\/logo\/image\/\"}}]}<\/script>\n<!-- \/ Yoast SEO Premium plugin. -->","yoast_head_json":{"title":"D\u0130\u011eER - Odyozone","robots":{"index":"index","follow":"follow","max-snippet":"max-snippet:-1","max-image-preview":"max-image-preview:large","max-video-preview":"max-video-preview:-1"},"canonical":"https:\/\/www.odyozone.com\/TR\/isitme-cihazlari\/diger\/","og_locale":"tr_TR","og_type":"article","og_title":"D\u0130\u011eER","og_url":"https:\/\/www.odyozone.com\/TR\/isitme-cihazlari\/diger\/","og_site_name":"Odyozone","twitter_card":"summary_large_image","schema":{"@context":"https:\/\/schema.org","@graph":[{"@type":"WebPage","@id":"https:\/\/www.odyozone.com\/TR\/isitme-cihazlari\/diger\/","url":"https:\/\/www.odyozone.com\/TR\/isitme-cihazlari\/diger\/","name":"D\u0130\u011eER - Odyozone","isPartOf":{"@id":"https:\/\/www.odyozone.com\/TR\/#website"},"datePublished":"2023-02-04T10:28:39+00:00","breadcrumb":{"@id":"https:\/\/www.odyozone.com\/TR\/isitme-cihazlari\/diger\/#breadcrumb"},"inLanguage":"tr","potentialAction":[{"@type":"ReadAction","target":["https:\/\/www.odyozone.com\/TR\/isitme-cihazlari\/diger\/"]}]},{"@type":"BreadcrumbList","@id":"https:\/\/www.odyozone.com\/TR\/isitme-cihazlari\/diger\/#breadcrumb","itemListElement":[{"@type":"ListItem","position":1,"name":"Anasayfa","item":"https:\/\/www.odyozone.com\/TR\/"},{"@type":"ListItem","position":2,"name":"\u0130\u015fitme Cihazlar\u0131","item":"https:\/\/www.odyozone.com\/TR\/isitme-cihazlari\/"},{"@type":"ListItem","position":3,"name":"D\u0130\u011eER"}]},{"@type":"WebSite","@id":"https:\/\/www.odyozone.com\/TR\/#website","url":"https:\/\/www.odyozone.com\/TR\/","name":"Odyozone \u0130\u015fitme Cihazlar\u0131","description":"\u0130\u015fitme Cihazlar\u0131 Ankara","publisher":{"@id":"https:\/\/www.odyozone.com\/TR\/#organization"},"potentialAction":[{"@type":"SearchAction","target":{"@type":"EntryPoint","urlTemplate":"https:\/\/www.odyozone.com\/TR\/?s={search_term_string}"},"query-input":{"@type":"PropertyValueSpecification","valueRequired":true,"valueName":"search_term_string"}}],"inLanguage":"tr"},{"@type":"Organization","@id":"https:\/\/www.odyozone.com\/TR\/#organization","name":"Odyozone \u0130\u015fitme Cihazlar\u0131","url":"https:\/\/www.odyozone.com\/TR\/","logo":{"@type":"ImageObject","inLanguage":"tr","@id":"https:\/\/www.odyozone.com\/TR\/#\/schema\/logo\/image\/","url":"https:\/\/www.odyozone.com\/TR\/wp-content\/uploads\/2023\/02\/odyozonelogo.png","contentUrl":"https:\/\/www.odyozone.com\/TR\/wp-content\/uploads\/2023\/02\/odyozonelogo.png","width":3290,"height":1679,"caption":"Odyozone \u0130\u015fitme Cihazlar\u0131"},"image":{"@id":"https:\/\/www.odyozone.com\/TR\/#\/schema\/logo\/image\/"}}]}},"_links":{"self":[{"href":"https:\/\/www.odyozone.com\/TR\/wp-json\/wp\/v2\/pages\/9147","targetHints":{"allow":["GET"]}}],"collection":[{"href":"https:\/\/www.odyozone.com\/TR\/wp-json\/wp\/v2\/pages"}],"about":[{"href":"https:\/\/www.odyozone.com\/TR\/wp-json\/wp\/v2\/types\/page"}],"author":[{"embeddable":true,"href":"https:\/\/www.odyozone.com\/TR\/wp-json\/wp\/v2\/users\/1"}],"replies":[{"embeddable":true,"href":"https:\/\/www.odyozone.com\/TR\/wp-json\/wp\/v2\/comments?post=9147"}],"version-history":[{"count":1,"href":"https:\/\/www.odyozone.com\/TR\/wp-json\/wp\/v2\/pages\/9147\/revisions"}],"predecessor-version":[{"id":9148,"href":"https:\/\/www.odyozone.com\/TR\/wp-json\/wp\/v2\/pages\/9147\/revisions\/9148"}],"up":[{"embeddable":true,"href":"https:\/\/www.odyozone.com\/TR\/wp-json\/wp\/v2\/pages\/9030"}],"wp:attachment":[{"href":"https:\/\/www.odyozone.com\/TR\/wp-json\/wp\/v2\/media?parent=9147"}],"curies":[{"name":"wp","href":"https:\/\/api.w.org\/{rel}","templated":true}]}}