{"id":9030,"date":"2023-02-04T11:21:11","date_gmt":"2023-02-04T08:21:11","guid":{"rendered":"https:\/\/www.odyozone.com\/TR\/?page_id=9030"},"modified":"2025-09-29T17:29:13","modified_gmt":"2025-09-29T14:29:13","slug":"isitme-cihazlari","status":"publish","type":"page","link":"https:\/\/www.odyozone.com\/TR\/isitme-cihazlari\/","title":{"rendered":"\u0130\u015fitme Cihazlar\u0131"},"content":{"rendered":"\t\t<div data-elementor-type=\"wp-page\" data-elementor-id=\"9030\" class=\"elementor elementor-9030\">\n\t\t\t\t\t\t\t        <section class=\"elementor-section elementor-top-section elementor-element elementor-element-6577825 elementor-section-boxed elementor-section-height-default elementor-section-height-default ct-header-fixed-none ct-column-none ct-row-scroll-none ct-row-gradient--none\" data-id=\"6577825\" data-element_type=\"section\">\n            \n                        <div class=\"elementor-container elementor-column-gap-default \">\n                    <div class=\"elementor-column elementor-col-33 elementor-top-column elementor-element elementor-element-4d92352 ct-column-none col-offset-none col-color-offset-none\" data-id=\"4d92352\" data-element_type=\"column\">\n            <div class=\"elementor-widget-wrap elementor-element-populated\">\n                        \t\t<div class=\"elementor-element elementor-element-35ffc48 elementor-widget elementor-widget-text-editor\" data-id=\"35ffc48\" data-element_type=\"widget\" data-widget_type=\"text-editor.default\">\n\t\t\t\t<div class=\"elementor-widget-container\">\n\t\t\t<style>\/*! elementor - v3.13.3 - 28-05-2023 *\/\n.elementor-widget-text-editor.elementor-drop-cap-view-stacked .elementor-drop-cap{background-color:#69727d;color:#fff}.elementor-widget-text-editor.elementor-drop-cap-view-framed .elementor-drop-cap{color:#69727d;border:3px solid;background-color:transparent}.elementor-widget-text-editor:not(.elementor-drop-cap-view-default) .elementor-drop-cap{margin-top:8px}.elementor-widget-text-editor:not(.elementor-drop-cap-view-default) .elementor-drop-cap-letter{width:1em;height:1em}.elementor-widget-text-editor .elementor-drop-cap{float:left;text-align:center;line-height:1;font-size:50px}.elementor-widget-text-editor .elementor-drop-cap-letter{display:inline-block}<\/style>\t\t\t\t<ul class=\"sub-menu\"><li class=\"menu-item menu-item-type-post_type menu-item-object-page menu-item-9652\"><a href=\"https:\/\/www.odyozone.com\/TR\/isitme-cihazlari\/oticon\/oticon-intent\/\"><span class=\"ct-menu-item\">Oticon Intent<\/span><\/a><\/li><li class=\"menu-item menu-item-type-post_type menu-item-object-page menu-item-9197\"><a href=\"https:\/\/www.odyozone.com\/TR\/isitme-cihazlari\/oticon\/oticon-more\/\"><span class=\"ct-menu-item\">Oticon More<\/span><\/a><\/li><li class=\"menu-item menu-item-type-post_type menu-item-object-page menu-item-9340\"><a href=\"https:\/\/www.odyozone.com\/TR\/isitme-cihazlari\/oticon\/oticon-real\/\"><span class=\"ct-menu-item\">Oticon Real<\/span><\/a><\/li><li class=\"menu-item menu-item-type-post_type menu-item-object-page menu-item-9382\"><a href=\"https:\/\/www.odyozone.com\/TR\/isitme-cihazlari\/oticon\/oticon-own\/\"><span class=\"ct-menu-item\">Oticon Own<\/span><\/a><\/li><li class=\"menu-item menu-item-type-post_type menu-item-object-page menu-item-9385\"><a href=\"https:\/\/www.odyozone.com\/TR\/isitme-cihazlari\/oticon\/oticon-zircon\/\"><span class=\"ct-menu-item\">Oticon Zircon<\/span><\/a><\/li><li class=\"menu-item menu-item-type-post_type menu-item-object-page menu-item-9420\"><a href=\"https:\/\/www.odyozone.com\/TR\/isitme-cihazlari\/oticon\/oticon-opn-s\/\"><span class=\"ct-menu-item\">Oticon Opn S<\/span><\/a><\/li><li class=\"menu-item menu-item-type-post_type menu-item-object-page menu-item-9433\"><a href=\"https:\/\/www.odyozone.com\/TR\/isitme-cihazlari\/oticon\/oticon-xceed\/\"><span class=\"ct-menu-item\">Oticon Xceed<\/span><\/a><\/li><\/ul>\t\t\t\t\t\t<\/div>\n\t\t\t\t<\/div>\n\t\t            <\/div>\n        <\/div>\n                <div class=\"elementor-column elementor-col-33 elementor-top-column elementor-element elementor-element-579e5a9 ct-column-none col-offset-none col-color-offset-none\" data-id=\"579e5a9\" data-element_type=\"column\">\n            <div class=\"elementor-widget-wrap elementor-element-populated\">\n                        \t\t<div class=\"elementor-element elementor-element-f05036f elementor-widget elementor-widget-text-editor\" data-id=\"f05036f\" data-element_type=\"widget\" data-widget_type=\"text-editor.default\">\n\t\t\t\t<div class=\"elementor-widget-container\">\n\t\t\t\t\t\t\t<ul class=\"sub-menu\"><li class=\"menu-item menu-item-type-post_type menu-item-object-page menu-item-9693\"><a href=\"https:\/\/www.odyozone.com\/TR\/isitme-cihazlari\/phonak\/phonak-audeo-lumity\/\"><span class=\"ct-menu-item\">Phonak Aud\u00e9o\u2122 Lumity<\/span><\/a><\/li><li class=\"menu-item menu-item-type-post_type menu-item-object-page menu-item-9686\"><a href=\"https:\/\/www.odyozone.com\/TR\/isitme-cihazlari\/phonak\/phonak-audeo-lumity\/\"><span class=\"ct-menu-item\">Phonak Aud\u00e9o\u2122 Lumity<\/span><\/a><\/li><li class=\"menu-item menu-item-type-post_type menu-item-object-page menu-item-9675\"><a href=\"https:\/\/www.odyozone.com\/TR\/isitme-cihazlari\/phonak\/phonak-naida-lumity\/\"><span class=\"ct-menu-item\">Phonak Naida Lumity<\/span><\/a><\/li><li class=\"menu-item menu-item-type-post_type menu-item-object-page menu-item-9666\"><a href=\"https:\/\/www.odyozone.com\/TR\/isitme-cihazlari\/phonak\/phonak-audeo-sphere\/\"><span class=\"ct-menu-item\">Phonak Audeo Sphere Infinio<\/span><\/a><\/li><li class=\"menu-item menu-item-type-post_type menu-item-object-page menu-item-9655\"><a href=\"https:\/\/www.odyozone.com\/TR\/isitme-cihazlari\/phonak\/phonak-audeo-fit-2\/\"><span class=\"ct-menu-item\">Phonak Audeo Fit\u2122<\/span><\/a><\/li><li class=\"menu-item menu-item-type-post_type menu-item-object-page menu-item-9446\"><a href=\"https:\/\/www.odyozone.com\/TR\/isitme-cihazlari\/phonak\/phonak-audeo-paradise\/\"><span class=\"ct-menu-item\">Phonak Aud\u00e9o\u2122 Paradise<\/span><\/a><\/li><li class=\"menu-item menu-item-type-post_type menu-item-object-page menu-item-9473\"><a href=\"https:\/\/www.odyozone.com\/TR\/isitme-cihazlari\/phonak\/phonak-audeo-life\/\"><span class=\"ct-menu-item\">Phonak Aud\u00e9o Life\u2122<\/span><\/a><\/li><li class=\"menu-item menu-item-type-post_type menu-item-object-page menu-item-9485\"><a href=\"https:\/\/www.odyozone.com\/TR\/isitme-cihazlari\/phonak\/phonak-audeo-fit\/\"><span class=\"ct-menu-item\">Phonak Audeo Fit\u2122<\/span><\/a><\/li><li class=\"menu-item menu-item-type-post_type menu-item-object-page menu-item-9497\"><a href=\"https:\/\/www.odyozone.com\/TR\/isitme-cihazlari\/phonak\/phonak-naida-paradise\/\"><span class=\"ct-menu-item\">Phonak Na\u00edda\u2122 Paradise<\/span><\/a><\/li><\/ul>\t\t\t\t\t\t<\/div>\n\t\t\t\t<\/div>\n\t\t            <\/div>\n        <\/div>\n                <div class=\"elementor-column elementor-col-33 elementor-top-column elementor-element elementor-element-26d06c0 ct-column-none col-offset-none col-color-offset-none\" data-id=\"26d06c0\" data-element_type=\"column\">\n            <div class=\"elementor-widget-wrap elementor-element-populated\">\n                        \t\t<div class=\"elementor-element elementor-element-703a841 elementor-widget elementor-widget-text-editor\" data-id=\"703a841\" data-element_type=\"widget\" data-widget_type=\"text-editor.default\">\n\t\t\t\t<div class=\"elementor-widget-container\">\n\t\t\t\t\t\t\t<ul class=\"sub-menu\"><li class=\"menu-item menu-item-type-post_type menu-item-object-page menu-item-9208\"><a href=\"https:\/\/www.odyozone.com\/TR\/isitme-cihazlari\/resound-gn\/resound-key\/\"><span class=\"ct-menu-item\">ReSound Key<\/span><\/a><\/li><li class=\"menu-item menu-item-type-post_type menu-item-object-page menu-item-9210\"><a href=\"https:\/\/www.odyozone.com\/TR\/isitme-cihazlari\/resound-gn\/resound-one\/\"><span class=\"ct-menu-item\">ReSound ONE<\/span><\/a><\/li><\/ul>\t\t\t\t\t\t<\/div>\n\t\t\t\t<\/div>\n\t\t            <\/div>\n        <\/div>\n                            <\/div>\n        <\/section>\n        \t\t\t\t\t<\/div>\n\t\t","protected":false},"excerpt":{"rendered":"<p>Oticon Intent Oticon More Oticon Real Oticon Own Oticon Zircon Oticon Opn S Oticon Xceed Phonak Aud\u00e9o\u2122 Lumity Phonak Aud\u00e9o\u2122 Lumity Phonak Naida Lumity Phonak Audeo Sphere Infinio Phonak Audeo Fit\u2122 Phonak Aud\u00e9o\u2122 Paradise Phonak Aud\u00e9o Life\u2122 Phonak Audeo Fit\u2122 Phonak Na\u00edda\u2122 Paradise ReSound Key ReSound ONE<\/p>\n","protected":false},"author":1,"featured_media":0,"parent":0,"menu_order":0,"comment_status":"closed","ping_status":"closed","template":"","meta":{"footnotes":""},"class_list":["post-9030","page","type-page","status-publish","hentry"],"yoast_head":"<!-- This site is optimized with the Yoast SEO Premium plugin v20.7 (Yoast SEO v26.9) - https:\/\/yoast.com\/product\/yoast-seo-premium-wordpress\/ -->\n<title>\u0130\u015fitme Cihazlar\u0131 - Odyozone<\/title>\n<meta name=\"robots\" content=\"index, follow, max-snippet:-1, max-image-preview:large, max-video-preview:-1\" \/>\n<link rel=\"canonical\" href=\"https:\/\/www.odyozone.com\/TR\/isitme-cihazlari\/\" \/>\n<meta property=\"og:locale\" content=\"tr_TR\" \/>\n<meta property=\"og:type\" content=\"article\" \/>\n<meta property=\"og:title\" content=\"\u0130\u015fitme Cihazlar\u0131\" \/>\n<meta property=\"og:description\" content=\"Oticon Intent Oticon More Oticon Real Oticon Own Oticon Zircon Oticon Opn S Oticon Xceed Phonak Aud\u00e9o\u2122 Lumity Phonak Aud\u00e9o\u2122 Lumity Phonak Naida Lumity Phonak Audeo Sphere Infinio Phonak Audeo Fit\u2122 Phonak Aud\u00e9o\u2122 Paradise Phonak Aud\u00e9o Life\u2122 Phonak Audeo Fit\u2122 Phonak Na\u00edda\u2122 Paradise ReSound Key ReSound ONE\" \/>\n<meta property=\"og:url\" content=\"https:\/\/www.odyozone.com\/TR\/isitme-cihazlari\/\" \/>\n<meta property=\"og:site_name\" content=\"Odyozone\" \/>\n<meta property=\"article:modified_time\" content=\"2025-09-29T14:29:13+00:00\" \/>\n<meta name=\"twitter:card\" content=\"summary_large_image\" \/>\n<meta name=\"twitter:label1\" content=\"Tahmini okuma s\u00fcresi\" \/>\n\t<meta name=\"twitter:data1\" content=\"1 dakika\" \/>\n<script type=\"application\/ld+json\" class=\"yoast-schema-graph\">{\"@context\":\"https:\/\/schema.org\",\"@graph\":[{\"@type\":\"WebPage\",\"@id\":\"https:\/\/www.odyozone.com\/TR\/isitme-cihazlari\/\",\"url\":\"https:\/\/www.odyozone.com\/TR\/isitme-cihazlari\/\",\"name\":\"\u0130\u015fitme Cihazlar\u0131 - Odyozone\",\"isPartOf\":{\"@id\":\"https:\/\/www.odyozone.com\/TR\/#website\"},\"datePublished\":\"2023-02-04T08:21:11+00:00\",\"dateModified\":\"2025-09-29T14:29:13+00:00\",\"breadcrumb\":{\"@id\":\"https:\/\/www.odyozone.com\/TR\/isitme-cihazlari\/#breadcrumb\"},\"inLanguage\":\"tr\",\"potentialAction\":[{\"@type\":\"ReadAction\",\"target\":[\"https:\/\/www.odyozone.com\/TR\/isitme-cihazlari\/\"]}]},{\"@type\":\"BreadcrumbList\",\"@id\":\"https:\/\/www.odyozone.com\/TR\/isitme-cihazlari\/#breadcrumb\",\"itemListElement\":[{\"@type\":\"ListItem\",\"position\":1,\"name\":\"Anasayfa\",\"item\":\"https:\/\/www.odyozone.com\/TR\/\"},{\"@type\":\"ListItem\",\"position\":2,\"name\":\"\u0130\u015fitme Cihazlar\u0131\"}]},{\"@type\":\"WebSite\",\"@id\":\"https:\/\/www.odyozone.com\/TR\/#website\",\"url\":\"https:\/\/www.odyozone.com\/TR\/\",\"name\":\"Odyozone \u0130\u015fitme Cihazlar\u0131\",\"description\":\"\u0130\u015fitme Cihazlar\u0131 Ankara\",\"publisher\":{\"@id\":\"https:\/\/www.odyozone.com\/TR\/#organization\"},\"potentialAction\":[{\"@type\":\"SearchAction\",\"target\":{\"@type\":\"EntryPoint\",\"urlTemplate\":\"https:\/\/www.odyozone.com\/TR\/?s={search_term_string}\"},\"query-input\":{\"@type\":\"PropertyValueSpecification\",\"valueRequired\":true,\"valueName\":\"search_term_string\"}}],\"inLanguage\":\"tr\"},{\"@type\":\"Organization\",\"@id\":\"https:\/\/www.odyozone.com\/TR\/#organization\",\"name\":\"Odyozone \u0130\u015fitme Cihazlar\u0131\",\"url\":\"https:\/\/www.odyozone.com\/TR\/\",\"logo\":{\"@type\":\"ImageObject\",\"inLanguage\":\"tr\",\"@id\":\"https:\/\/www.odyozone.com\/TR\/#\/schema\/logo\/image\/\",\"url\":\"https:\/\/www.odyozone.com\/TR\/wp-content\/uploads\/2023\/02\/odyozonelogo.png\",\"contentUrl\":\"https:\/\/www.odyozone.com\/TR\/wp-content\/uploads\/2023\/02\/odyozonelogo.png\",\"width\":3290,\"height\":1679,\"caption\":\"Odyozone \u0130\u015fitme Cihazlar\u0131\"},\"image\":{\"@id\":\"https:\/\/www.odyozone.com\/TR\/#\/schema\/logo\/image\/\"}}]}<\/script>\n<!-- \/ Yoast SEO Premium plugin. -->","yoast_head_json":{"title":"\u0130\u015fitme Cihazlar\u0131 - Odyozone","robots":{"index":"index","follow":"follow","max-snippet":"max-snippet:-1","max-image-preview":"max-image-preview:large","max-video-preview":"max-video-preview:-1"},"canonical":"https:\/\/www.odyozone.com\/TR\/isitme-cihazlari\/","og_locale":"tr_TR","og_type":"article","og_title":"\u0130\u015fitme Cihazlar\u0131","og_description":"Oticon Intent Oticon More Oticon Real Oticon Own Oticon Zircon Oticon Opn S Oticon Xceed Phonak Aud\u00e9o\u2122 Lumity Phonak Aud\u00e9o\u2122 Lumity Phonak Naida Lumity Phonak Audeo Sphere Infinio Phonak Audeo Fit\u2122 Phonak Aud\u00e9o\u2122 Paradise Phonak Aud\u00e9o Life\u2122 Phonak Audeo Fit\u2122 Phonak Na\u00edda\u2122 Paradise ReSound Key ReSound ONE","og_url":"https:\/\/www.odyozone.com\/TR\/isitme-cihazlari\/","og_site_name":"Odyozone","article_modified_time":"2025-09-29T14:29:13+00:00","twitter_card":"summary_large_image","twitter_misc":{"Tahmini okuma s\u00fcresi":"1 dakika"},"schema":{"@context":"https:\/\/schema.org","@graph":[{"@type":"WebPage","@id":"https:\/\/www.odyozone.com\/TR\/isitme-cihazlari\/","url":"https:\/\/www.odyozone.com\/TR\/isitme-cihazlari\/","name":"\u0130\u015fitme Cihazlar\u0131 - Odyozone","isPartOf":{"@id":"https:\/\/www.odyozone.com\/TR\/#website"},"datePublished":"2023-02-04T08:21:11+00:00","dateModified":"2025-09-29T14:29:13+00:00","breadcrumb":{"@id":"https:\/\/www.odyozone.com\/TR\/isitme-cihazlari\/#breadcrumb"},"inLanguage":"tr","potentialAction":[{"@type":"ReadAction","target":["https:\/\/www.odyozone.com\/TR\/isitme-cihazlari\/"]}]},{"@type":"BreadcrumbList","@id":"https:\/\/www.odyozone.com\/TR\/isitme-cihazlari\/#breadcrumb","itemListElement":[{"@type":"ListItem","position":1,"name":"Anasayfa","item":"https:\/\/www.odyozone.com\/TR\/"},{"@type":"ListItem","position":2,"name":"\u0130\u015fitme Cihazlar\u0131"}]},{"@type":"WebSite","@id":"https:\/\/www.odyozone.com\/TR\/#website","url":"https:\/\/www.odyozone.com\/TR\/","name":"Odyozone \u0130\u015fitme Cihazlar\u0131","description":"\u0130\u015fitme Cihazlar\u0131 Ankara","publisher":{"@id":"https:\/\/www.odyozone.com\/TR\/#organization"},"potentialAction":[{"@type":"SearchAction","target":{"@type":"EntryPoint","urlTemplate":"https:\/\/www.odyozone.com\/TR\/?s={search_term_string}"},"query-input":{"@type":"PropertyValueSpecification","valueRequired":true,"valueName":"search_term_string"}}],"inLanguage":"tr"},{"@type":"Organization","@id":"https:\/\/www.odyozone.com\/TR\/#organization","name":"Odyozone \u0130\u015fitme Cihazlar\u0131","url":"https:\/\/www.odyozone.com\/TR\/","logo":{"@type":"ImageObject","inLanguage":"tr","@id":"https:\/\/www.odyozone.com\/TR\/#\/schema\/logo\/image\/","url":"https:\/\/www.odyozone.com\/TR\/wp-content\/uploads\/2023\/02\/odyozonelogo.png","contentUrl":"https:\/\/www.odyozone.com\/TR\/wp-content\/uploads\/2023\/02\/odyozonelogo.png","width":3290,"height":1679,"caption":"Odyozone \u0130\u015fitme Cihazlar\u0131"},"image":{"@id":"https:\/\/www.odyozone.com\/TR\/#\/schema\/logo\/image\/"}}]}},"_links":{"self":[{"href":"https:\/\/www.odyozone.com\/TR\/wp-json\/wp\/v2\/pages\/9030","targetHints":{"allow":["GET"]}}],"collection":[{"href":"https:\/\/www.odyozone.com\/TR\/wp-json\/wp\/v2\/pages"}],"about":[{"href":"https:\/\/www.odyozone.com\/TR\/wp-json\/wp\/v2\/types\/page"}],"author":[{"embeddable":true,"href":"https:\/\/www.odyozone.com\/TR\/wp-json\/wp\/v2\/users\/1"}],"replies":[{"embeddable":true,"href":"https:\/\/www.odyozone.com\/TR\/wp-json\/wp\/v2\/comments?post=9030"}],"version-history":[{"count":7,"href":"https:\/\/www.odyozone.com\/TR\/wp-json\/wp\/v2\/pages\/9030\/revisions"}],"predecessor-version":[{"id":9731,"href":"https:\/\/www.odyozone.com\/TR\/wp-json\/wp\/v2\/pages\/9030\/revisions\/9731"}],"wp:attachment":[{"href":"https:\/\/www.odyozone.com\/TR\/wp-json\/wp\/v2\/media?parent=9030"}],"curies":[{"name":"wp","href":"https:\/\/api.w.org\/{rel}","templated":true}]}}